{"id":45951,"date":"2023-03-31T11:23:09","date_gmt":"2023-03-31T09:23:09","guid":{"rendered":"https:\/\/www.inovallee.com\/?page_id=45951"},"modified":"2026-04-08T13:06:51","modified_gmt":"2026-04-08T11:06:51","slug":"inochallenge-2026-defi-volley","status":"publish","type":"page","link":"http:\/\/www.inovallee.com\/en\/inochallenge-2026-defi-volley\/","title":{"rendered":"ino&rsquo;Challenge 2026 : d\u00e9fi VOLLEY"},"content":{"rendered":"\t\t<div data-elementor-type=\"wp-page\" data-elementor-id=\"45951\" class=\"elementor elementor-45951\" data-elementor-post-type=\"page\">\n\t\t\t\t\t\t<section class=\"elementor-section elementor-top-section elementor-element elementor-element-c1cadc0 elementor-section-height-min-height elementor-section-items-stretch elementor-section-boxed elementor-section-height-default\" data-id=\"c1cadc0\" data-element_type=\"section\" data-e-type=\"section\" data-settings=\"{&quot;background_background&quot;:&quot;slideshow&quot;,&quot;background_slideshow_gallery&quot;:[{&quot;id&quot;:62677,&quot;url&quot;:&quot;https:\\\/\\\/www.inovallee.com\\\/wp-content\\\/uploads\\\/2026\\\/02\\\/Bandeau_Site_inochallenge-2026.png&quot;}],&quot;background_slideshow_loop&quot;:&quot;yes&quot;,&quot;background_slideshow_slide_duration&quot;:5000,&quot;background_slideshow_slide_transition&quot;:&quot;fade&quot;,&quot;background_slideshow_transition_duration&quot;:500}\">\n\t\t\t\t\t\t\t<div class=\"elementor-background-overlay\"><\/div>\n\t\t\t\t\t\t\t<div class=\"elementor-container elementor-column-gap-default\">\n\t\t\t\t\t<div class=\"elementor-column elementor-col-100 elementor-top-column elementor-element elementor-element-1744112\" data-id=\"1744112\" data-element_type=\"column\" data-e-type=\"column\">\n\t\t\t<div class=\"elementor-widget-wrap\">\n\t\t\t\t\t\t\t<\/div>\n\t\t<\/div>\n\t\t\t\t\t<\/div>\n\t\t<\/section>\n\t\t\t\t<section class=\"elementor-section elementor-top-section elementor-element elementor-element-c27b477 elementor-section-boxed elementor-section-height-default elementor-section-height-default\" data-id=\"c27b477\" data-element_type=\"section\" data-e-type=\"section\" data-settings=\"{&quot;background_background&quot;:&quot;classic&quot;}\">\n\t\t\t\t\t\t<div class=\"elementor-container elementor-column-gap-wide\">\n\t\t\t\t\t<div class=\"elementor-column elementor-col-100 elementor-top-column elementor-element elementor-element-24d5903\" data-id=\"24d5903\" data-element_type=\"column\" data-e-type=\"column\">\n\t\t\t<div class=\"elementor-widget-wrap elementor-element-populated\">\n\t\t\t\t\t\t<div class=\"elementor-element elementor-element-a959b73 elementor-widget elementor-widget-spacer\" data-id=\"a959b73\" data-element_type=\"widget\" data-e-type=\"widget\" data-widget_type=\"spacer.default\">\n\t\t\t\t<div class=\"elementor-widget-container\">\n\t\t\t\t\t\t\t<div class=\"elementor-spacer\">\n\t\t\t<div class=\"elementor-spacer-inner\"><\/div>\n\t\t<\/div>\n\t\t\t\t\t\t<\/div>\n\t\t\t\t<\/div>\n\t\t\t\t<div class=\"elementor-element elementor-element-a843017 elementor-widget elementor-widget-heading\" data-id=\"a843017\" data-element_type=\"widget\" data-e-type=\"widget\" data-widget_type=\"heading.default\">\n\t\t\t\t<div class=\"elementor-widget-container\">\n\t\t\t\t\t<h2 class=\"elementor-heading-title elementor-size-default\">VOLLEY<\/h2>\t\t\t\t<\/div>\n\t\t\t\t<\/div>\n\t\t\t\t<div class=\"elementor-element elementor-element-191c520 elementor-widget-divider--view-line elementor-widget elementor-widget-divider\" data-id=\"191c520\" data-element_type=\"widget\" data-e-type=\"widget\" data-widget_type=\"divider.default\">\n\t\t\t\t<div class=\"elementor-widget-container\">\n\t\t\t\t\t\t\t<div class=\"elementor-divider\">\n\t\t\t<span class=\"elementor-divider-separator\">\n\t\t\t\t\t\t<\/span>\n\t\t<\/div>\n\t\t\t\t\t\t<\/div>\n\t\t\t\t<\/div>\n\t\t\t\t\t<\/div>\n\t\t<\/div>\n\t\t\t\t\t<\/div>\n\t\t<\/section>\n\t\t\t\t<section class=\"elementor-section elementor-top-section elementor-element elementor-element-d4a914f elementor-section-boxed elementor-section-height-default elementor-section-height-default\" data-id=\"d4a914f\" data-element_type=\"section\" data-e-type=\"section\">\n\t\t\t\t\t\t<div class=\"elementor-container elementor-column-gap-default\">\n\t\t\t\t\t<div class=\"elementor-column elementor-col-66 elementor-top-column elementor-element elementor-element-2c6ce1f\" data-id=\"2c6ce1f\" data-element_type=\"column\" data-e-type=\"column\">\n\t\t\t<div class=\"elementor-widget-wrap elementor-element-populated\">\n\t\t\t\t\t\t<div class=\"elementor-element elementor-element-d4b4074 elementor-widget elementor-widget-text-editor\" data-id=\"d4b4074\" data-element_type=\"widget\" data-e-type=\"widget\" data-widget_type=\"text-editor.default\">\n\t\t\t\t<div class=\"elementor-widget-container\">\n\t\t\t\t\t\t\t\t\t<p><strong>JOUR : Vendredi 5 juin (qualifications) et vendredi 12 juin (finales) de 12h \u00e0 13h30<br \/><\/strong><\/p><p><strong>LIEU : Maison du Pr\u00e9 de l&rsquo;Eau \u00e0 Montbonnot St Martin<\/strong><\/p><p><strong>EQUIPE DE : 4 participants + 2 rempla\u00e7ants possibles<\/strong><\/p><p><strong>NOMBRE D&rsquo;EQUIPES : <\/strong><strong>12<br \/><\/strong><\/p><p><strong>ARBITRAGE : auto-arbitrage ou arbitre si possible<br \/><\/strong><\/p><p><strong>DUREE : 3 match de 12 mn par \u00e9quipe<br \/><\/strong><\/p><p><strong>MATERIEL : Fourni par inovall\u00e9e.<\/strong><\/p><p><!-- [if gte mso 10]><\/p>\n<style>\n \/* Style Definitions *\/<br \/> table.MsoNormalTable<br \/>\t{mso-style-name:\"Tableau Normal\";<br \/>\tmso-tstyle-rowband-size:0;<br \/>\tmso-tstyle-colband-size:0;<br \/>\tmso-style-noshow:yes;<br \/>\tmso-style-priority:99;<br \/>\tmso-style-parent:\"\";<br \/>\tmso-padding-alt:0cm 5.4pt 0cm 5.4pt;<br \/>\tmso-para-margin-top:0cm;<br \/>\tmso-para-margin-right:0cm;<br \/>\tmso-para-margin-bottom:8.0pt;<br \/>\tmso-para-margin-left:0cm;<br \/>\tline-height:107%;<br \/>\tmso-pagination:widow-orphan;<br \/>\tfont-size:11.0pt;<br \/>\tfont-family:\"Calibri\",sans-serif;<br \/>\tmso-ascii-font-family:Calibri;<br \/>\tmso-ascii-theme-font:minor-latin;<br \/>\tmso-hansi-font-family:Calibri;<br \/>\tmso-hansi-theme-font:minor-latin;<br \/>\tmso-bidi-font-family:\"Times New Roman\";<br \/>\tmso-bidi-theme-font:minor-bidi;<br \/>\tmso-fareast-language:EN-US;}<br \/><\/style>\n<p><![endif]--><\/p>\t\t\t\t\t\t\t\t<\/div>\n\t\t\t\t<\/div>\n\t\t\t\t<div class=\"elementor-element elementor-element-fe65bc9 elementor-widget elementor-widget-text-editor\" data-id=\"fe65bc9\" data-element_type=\"widget\" data-e-type=\"widget\" data-widget_type=\"text-editor.default\">\n\t\t\t\t<div class=\"elementor-widget-container\">\n\t\t\t\t\t\t\t\t\t<h6><strong>Merci de vous pr\u00e9senter 5 min avant l&rsquo;heure du d\u00e9but du d\u00e9fi. <\/strong><\/h6><p><strong><em>Attestation de sant\u00e9<\/em><em>\u00a0obligatoire, \u00e0 fournir quand votre inscription vous sera confirm\u00e9e apr\u00e8s le 15 mai. <\/em><\/strong><\/p>\t\t\t\t\t\t\t\t<\/div>\n\t\t\t\t<\/div>\n\t\t\t\t\t<\/div>\n\t\t<\/div>\n\t\t\t\t<div class=\"elementor-column elementor-col-33 elementor-top-column elementor-element elementor-element-6b9e022\" data-id=\"6b9e022\" data-element_type=\"column\" data-e-type=\"column\">\n\t\t\t<div class=\"elementor-widget-wrap elementor-element-populated\">\n\t\t\t\t\t\t<div class=\"elementor-element elementor-element-59eda67 elementor-widget elementor-widget-image\" data-id=\"59eda67\" data-element_type=\"widget\" data-e-type=\"widget\" data-widget_type=\"image.default\">\n\t\t\t\t<div class=\"elementor-widget-container\">\n\t\t\t\t\t\t\t\t\t\t\t\t\t\t\t<img decoding=\"async\" src=\"https:\/\/www.inovallee.com\/wp-content\/uploads\/2022\/06\/basket.png\" title=\"\" alt=\"\" loading=\"lazy\" \/>\t\t\t\t\t\t\t\t\t\t\t\t\t\t\t<\/div>\n\t\t\t\t<\/div>\n\t\t\t\t<div class=\"elementor-element elementor-element-0af5692 elementor-widget elementor-widget-image\" data-id=\"0af5692\" data-element_type=\"widget\" data-e-type=\"widget\" data-widget_type=\"image.default\">\n\t\t\t\t<div class=\"elementor-widget-container\">\n\t\t\t\t\t\t\t\t\t\t\t\t\t\t\t<img fetchpriority=\"high\" decoding=\"async\" width=\"800\" height=\"500\" src=\"https:\/\/www.inovallee.com\/wp-content\/uploads\/2024\/03\/volley.jpg\" class=\"attachment-large size-large wp-image-51494\" alt=\"\" srcset=\"https:\/\/www.inovallee.com\/wp-content\/uploads\/2024\/03\/volley.jpg 800w, https:\/\/www.inovallee.com\/wp-content\/uploads\/2024\/03\/volley-300x188.jpg 300w, https:\/\/www.inovallee.com\/wp-content\/uploads\/2024\/03\/volley-768x480.jpg 768w, https:\/\/www.inovallee.com\/wp-content\/uploads\/2024\/03\/volley-150x94.jpg 150w, https:\/\/www.inovallee.com\/wp-content\/uploads\/2024\/03\/volley-400x250.jpg 400w\" sizes=\"(max-width: 800px) 100vw, 800px\" \/>\t\t\t\t\t\t\t\t\t\t\t\t\t\t\t<\/div>\n\t\t\t\t<\/div>\n\t\t\t\t\t<\/div>\n\t\t<\/div>\n\t\t\t\t\t<\/div>\n\t\t<\/section>\n\t\t\t\t<section class=\"elementor-section elementor-top-section elementor-element elementor-element-815e251 elementor-section-boxed elementor-section-height-default elementor-section-height-default\" data-id=\"815e251\" data-element_type=\"section\" data-e-type=\"section\">\n\t\t\t\t\t\t<div class=\"elementor-container elementor-column-gap-default\">\n\t\t\t\t\t<div class=\"elementor-column elementor-col-100 elementor-top-column elementor-element elementor-element-807844e\" data-id=\"807844e\" data-element_type=\"column\" data-e-type=\"column\">\n\t\t\t<div class=\"elementor-widget-wrap elementor-element-populated\">\n\t\t\t\t\t\t<div class=\"elementor-element elementor-element-976a7f8 elementor-widget elementor-widget-text-editor\" data-id=\"976a7f8\" data-element_type=\"widget\" data-e-type=\"widget\" data-widget_type=\"text-editor.default\">\n\t\t\t\t<div class=\"elementor-widget-container\">\n\t\t\t\t\t\t\t\t\t<p><strong>Composition des \u00e9quipes :\u00a0<\/strong>La partie sera jou\u00e9e par deux \u00e9quipes de <strong>4 joueurs. 2 <\/strong>joueurs rempla\u00e7ants maximum sont autoris\u00e9s par \u00e9quipe, soit un total maximum de 6 joueurs inscrits par \u00e9quipe.<\/p><p><strong>D\u00e9roulement du d\u00e9fi :\u00a0<\/strong>Le d\u00e9fi se d\u00e9roulera sur 2 jours.<\/p><p><strong>R\u00e8gles du jeu :\u00a0<\/strong>Faire tomber la balle dans le camp adverse en 3 touches maximum (r\u00e9ception-passe-attaque), sans pour autant qu&rsquo;elle ne revienne.<\/p><ul><li>La balle peut toucher n&rsquo;importe quelle partie du corps.<\/li><li>La balle ne doit \u00eatre ni tenue ni lanc\u00e9e.<\/li><li>Un joueur ne peut toucher la balle deux fois cons\u00e9cutivement, le contre ne compte pas comme touche de balle.<\/li><li>Une \u00e9quipe ne peut toucher la balle plus de 3 fois, le contre ne compte pas comme touche de balle.<\/li><\/ul><p>Pour marquer un point, vous devez faire tomber la balle dans le camp adverse ou provoquer une faute de l&rsquo;adversaire<\/p><p><strong>Score :<\/strong>\u00a0Le vainqueur sera l\u2019\u00e9quipe qui a le plus de point au terme de la partie. Dans le cas o\u00f9 les deux \u00e9quipes sont \u00e0 \u00e9galit\u00e9 au coup de sifflet final (score identique), la partie se poursuit jusqu\u2019au prochain point mis.<\/p><p><strong>Arbitrage :<\/strong>\u00a0Auto-arbitrage ou arbitre si possible. Le fair-play et l\u2019auto-arbitrage sont des points essentiels. L\u2019organisateur aura toute autorit\u00e9 pour intervenir et veiller \u00e0 l\u2019application des r\u00e8gles<\/p><p><strong>Mat\u00e9riel :\u00a0<\/strong>Tout le mat\u00e9riel est fourni par inovall\u00e9e.<\/p><p><strong>Format et dur\u00e9e<\/strong><\/p><p>1<sup>er<\/sup> jour : Qualifications &#8211; 3 matchs de 10 mn<\/p><p>2<sup>\u00e8me<\/sup> jour : Demi-finales et finale &#8211; Matchs de 13 mn<\/p><p>CALCUL DES POINTS\u00a0:<\/p><p>1 <strong>V<\/strong>ictoire = 5 pts | 1 <strong>N<\/strong>ull = 1 point | 1 <strong>D<\/strong>\u00e9faite = 0 pts<\/p><p>Le rang est calcul\u00e9 de la fa\u00e7on suivante\u00a0:<\/p><p>Total pts Victoire + Total pts Null + Total pts D\u00e9faite + Goal Average<\/p><p>Si 2 \u00e9quipes \u00e0 \u00e9galit\u00e9, on d\u00e9partage les 2 \u00e9quipes selon celle qui a remport\u00e9 le match entre ces 2 \u00e9quipes.<\/p><p>Si 3 \u00e9quipes \u00e0 \u00e9galit\u00e9, \u00e0 ce moment-l\u00e0 on prend le G.A.<\/p><p><strong>Points ino\u2019challenge : <\/strong>Chaque \u00e9quipe se\u00a0verra attribuer un classement final en fonction de ses r\u00e9sultats, et gagnera des points pour son entreprise en cons\u00e9quence.<\/p>\t\t\t\t\t\t\t\t<\/div>\n\t\t\t\t<\/div>\n\t\t\t\t\t<\/div>\n\t\t<\/div>\n\t\t\t\t\t<\/div>\n\t\t<\/section>\n\t\t\t\t<section class=\"elementor-section elementor-top-section elementor-element elementor-element-72f5986 elementor-section-boxed elementor-section-height-default elementor-section-height-default\" data-id=\"72f5986\" data-element_type=\"section\" data-e-type=\"section\" data-settings=\"{&quot;background_background&quot;:&quot;classic&quot;}\">\n\t\t\t\t\t\t<div class=\"elementor-container elementor-column-gap-default\">\n\t\t\t\t\t<div class=\"elementor-column elementor-col-100 elementor-top-column elementor-element elementor-element-43a9408\" data-id=\"43a9408\" data-element_type=\"column\" data-e-type=\"column\">\n\t\t\t<div class=\"elementor-widget-wrap elementor-element-populated\">\n\t\t\t\t\t\t<div class=\"elementor-element elementor-element-1c380ed elementor-widget elementor-widget-heading\" data-id=\"1c380ed\" data-element_type=\"widget\" data-e-type=\"widget\" data-widget_type=\"heading.default\">\n\t\t\t\t<div class=\"elementor-widget-container\">\n\t\t\t\t\t<h2 class=\"elementor-heading-title elementor-size-default\">Vous avez une question ? <\/h2>\t\t\t\t<\/div>\n\t\t\t\t<\/div>\n\t\t\t\t<div class=\"elementor-element elementor-element-d129f5d elementor-widget elementor-widget-text-editor\" data-id=\"d129f5d\" data-element_type=\"widget\" data-e-type=\"widget\" data-widget_type=\"text-editor.default\">\n\t\t\t\t<div class=\"elementor-widget-container\">\n\t\t\t\t\t\t\t\t\t<p><strong>Contactez l&rsquo;\u00e9quipe inovall\u00e9e par <a href=\"mailto:v.bertrand@inovallee.com\">email<\/a> ou t\u00e9l\u00e9phone au <\/strong><strong>04 76 90 41 57<\/strong><\/p>\t\t\t\t\t\t\t\t<\/div>\n\t\t\t\t<\/div>\n\t\t\t\t<div class=\"elementor-element elementor-element-35ad5ae elementor-widget-divider--view-line elementor-widget elementor-widget-divider\" data-id=\"35ad5ae\" data-element_type=\"widget\" data-e-type=\"widget\" data-widget_type=\"divider.default\">\n\t\t\t\t<div class=\"elementor-widget-container\">\n\t\t\t\t\t\t\t<div class=\"elementor-divider\">\n\t\t\t<span class=\"elementor-divider-separator\">\n\t\t\t\t\t\t<\/span>\n\t\t<\/div>\n\t\t\t\t\t\t<\/div>\n\t\t\t\t<\/div>\n\t\t\t\t\t<\/div>\n\t\t<\/div>\n\t\t\t\t\t<\/div>\n\t\t<\/section>\n\t\t\t\t<\/div>\n\t\t","protected":false},"excerpt":{"rendered":"<p>VOLLEY JOUR : Vendredi 5 juin (qualifications) et vendredi 12 juin (finales) de 12h \u00e0 13h30 LIEU : Maison du Pr\u00e9 de l&rsquo;Eau \u00e0 Montbonnot St Martin EQUIPE DE : 4 participants + 2 rempla\u00e7ants possibles NOMBRE D&rsquo;EQUIPES : 12 ARBITRAGE : auto-arbitrage ou arbitre si possible DUREE : 3 match de 12 mn par [&hellip;]<\/p>\n","protected":false},"author":11,"featured_media":0,"parent":0,"menu_order":0,"comment_status":"closed","ping_status":"closed","template":"","meta":{"footnotes":""},"class_list":["post-45951","page","type-page","status-publish","hentry"],"yoast_head":"<!-- This site is optimized with the Yoast SEO plugin v27.4 - https:\/\/yoast.com\/product\/yoast-seo-wordpress\/ -->\n<title>ino&#039;Challenge 2026 : d\u00e9fi VOLLEY - inovall\u00e9e, technopole de l&#039;innovation<\/title>\n<meta name=\"description\" content=\"inovall\u00e9e propose \u00e0 ses collaborateurs un challenge inter-entreprises \u00e9co-responsable et in\u00e9dit.\" \/>\n<meta name=\"robots\" content=\"index, follow, max-snippet:-1, max-image-preview:large, max-video-preview:-1\" \/>\n<link rel=\"canonical\" href=\"https:\/\/www.inovallee.com\/en\/inochallenge-2026-defi-volley\/\" \/>\n<meta property=\"og:locale\" content=\"en_GB\" \/>\n<meta property=\"og:type\" content=\"article\" \/>\n<meta property=\"og:title\" content=\"ino&#039;Challenge 2026 : d\u00e9fi VOLLEY - inovall\u00e9e, technopole de l&#039;innovation\" \/>\n<meta property=\"og:description\" content=\"inovall\u00e9e propose \u00e0 ses collaborateurs un challenge inter-entreprises \u00e9co-responsable et in\u00e9dit.\" \/>\n<meta property=\"og:url\" content=\"https:\/\/www.inovallee.com\/en\/inochallenge-2026-defi-volley\/\" \/>\n<meta property=\"og:site_name\" content=\"inovall\u00e9e\" \/>\n<meta property=\"article:publisher\" content=\"https:\/\/www.facebook.com\/technopoleinovallee\/\" \/>\n<meta property=\"article:modified_time\" content=\"2026-04-08T11:06:51+00:00\" \/>\n<meta property=\"og:image\" content=\"https:\/\/www.inovallee.com\/wp-content\/uploads\/2022\/06\/basket.png\" \/>\n<meta name=\"twitter:card\" content=\"summary_large_image\" \/>\n<meta name=\"twitter:site\" content=\"@inovallee\" \/>\n<meta name=\"twitter:label1\" content=\"Estimated reading time\" \/>\n\t<meta name=\"twitter:data1\" content=\"3 minutes\" \/>\n<script type=\"application\/ld+json\" class=\"yoast-schema-graph\">{\"@context\":\"https:\\\/\\\/schema.org\",\"@graph\":[{\"@type\":\"WebPage\",\"@id\":\"https:\\\/\\\/www.inovallee.com\\\/inochallenge-2026-defi-volley\\\/\",\"url\":\"https:\\\/\\\/www.inovallee.com\\\/inochallenge-2026-defi-volley\\\/\",\"name\":\"ino'Challenge 2026 : d\u00e9fi VOLLEY - inovall\u00e9e, technopole de l'innovation\",\"isPartOf\":{\"@id\":\"https:\\\/\\\/www.inovallee.com\\\/#website\"},\"primaryImageOfPage\":{\"@id\":\"https:\\\/\\\/www.inovallee.com\\\/inochallenge-2026-defi-volley\\\/#primaryimage\"},\"image\":{\"@id\":\"https:\\\/\\\/www.inovallee.com\\\/inochallenge-2026-defi-volley\\\/#primaryimage\"},\"thumbnailUrl\":\"https:\\\/\\\/www.inovallee.com\\\/wp-content\\\/uploads\\\/2022\\\/06\\\/basket.png\",\"datePublished\":\"2023-03-31T09:23:09+00:00\",\"dateModified\":\"2026-04-08T11:06:51+00:00\",\"description\":\"inovall\u00e9e propose \u00e0 ses collaborateurs un challenge inter-entreprises \u00e9co-responsable et in\u00e9dit.\",\"breadcrumb\":{\"@id\":\"https:\\\/\\\/www.inovallee.com\\\/inochallenge-2026-defi-volley\\\/#breadcrumb\"},\"inLanguage\":\"en-GB\",\"potentialAction\":[{\"@type\":\"ReadAction\",\"target\":[\"https:\\\/\\\/www.inovallee.com\\\/inochallenge-2026-defi-volley\\\/\"]}]},{\"@type\":\"ImageObject\",\"inLanguage\":\"en-GB\",\"@id\":\"https:\\\/\\\/www.inovallee.com\\\/inochallenge-2026-defi-volley\\\/#primaryimage\",\"url\":\"https:\\\/\\\/www.inovallee.com\\\/wp-content\\\/uploads\\\/2022\\\/06\\\/basket.png\",\"contentUrl\":\"https:\\\/\\\/www.inovallee.com\\\/wp-content\\\/uploads\\\/2022\\\/06\\\/basket.png\"},{\"@type\":\"BreadcrumbList\",\"@id\":\"https:\\\/\\\/www.inovallee.com\\\/inochallenge-2026-defi-volley\\\/#breadcrumb\",\"itemListElement\":[{\"@type\":\"ListItem\",\"position\":1,\"name\":\"Accueil\",\"item\":\"https:\\\/\\\/www.inovallee.com\\\/\"},{\"@type\":\"ListItem\",\"position\":2,\"name\":\"ino&rsquo;Challenge 2026 : d\u00e9fi VOLLEY\"}]},{\"@type\":\"WebSite\",\"@id\":\"https:\\\/\\\/www.inovallee.com\\\/#website\",\"url\":\"https:\\\/\\\/www.inovallee.com\\\/\",\"name\":\"inovall\u00e9e technopole, Home to software & smart technologies\",\"description\":\"Home to software &amp; smart technologies\",\"publisher\":{\"@id\":\"https:\\\/\\\/www.inovallee.com\\\/#organization\"},\"potentialAction\":[{\"@type\":\"SearchAction\",\"target\":{\"@type\":\"EntryPoint\",\"urlTemplate\":\"https:\\\/\\\/www.inovallee.com\\\/?s={search_term_string}\"},\"query-input\":{\"@type\":\"PropertyValueSpecification\",\"valueRequired\":true,\"valueName\":\"search_term_string\"}}],\"inLanguage\":\"en-GB\"},{\"@type\":\"Organization\",\"@id\":\"https:\\\/\\\/www.inovallee.com\\\/#organization\",\"name\":\"inovall\u00e9e\",\"url\":\"https:\\\/\\\/www.inovallee.com\\\/\",\"logo\":{\"@type\":\"ImageObject\",\"inLanguage\":\"en-GB\",\"@id\":\"https:\\\/\\\/www.inovallee.com\\\/#\\\/schema\\\/logo\\\/image\\\/\",\"url\":\"https:\\\/\\\/www.inovallee.com\\\/wp-content\\\/uploads\\\/2023\\\/08\\\/inovallee_2022_GrenobleAlpes.png\",\"contentUrl\":\"https:\\\/\\\/www.inovallee.com\\\/wp-content\\\/uploads\\\/2023\\\/08\\\/inovallee_2022_GrenobleAlpes.png\",\"width\":945,\"height\":369,\"caption\":\"inovall\u00e9e\"},\"image\":{\"@id\":\"https:\\\/\\\/www.inovallee.com\\\/#\\\/schema\\\/logo\\\/image\\\/\"},\"sameAs\":[\"https:\\\/\\\/www.facebook.com\\\/technopoleinovallee\\\/\",\"https:\\\/\\\/x.com\\\/inovallee\",\"https:\\\/\\\/www.linkedin.com\\\/company\\\/inovall-e\\\/\",\"https:\\\/\\\/www.youtube.com\\\/user\\\/inovallee?reload=9\"]}]}<\/script>\n<!-- \/ Yoast SEO plugin. -->","yoast_head_json":{"title":"ino'Challenge 2026 : d\u00e9fi VOLLEY - inovall\u00e9e, technopole de l'innovation","description":"inovall\u00e9e propose \u00e0 ses collaborateurs un challenge inter-entreprises \u00e9co-responsable et in\u00e9dit.","robots":{"index":"index","follow":"follow","max-snippet":"max-snippet:-1","max-image-preview":"max-image-preview:large","max-video-preview":"max-video-preview:-1"},"canonical":"https:\/\/www.inovallee.com\/en\/inochallenge-2026-defi-volley\/","og_locale":"en_GB","og_type":"article","og_title":"ino'Challenge 2026 : d\u00e9fi VOLLEY - inovall\u00e9e, technopole de l'innovation","og_description":"inovall\u00e9e propose \u00e0 ses collaborateurs un challenge inter-entreprises \u00e9co-responsable et in\u00e9dit.","og_url":"https:\/\/www.inovallee.com\/en\/inochallenge-2026-defi-volley\/","og_site_name":"inovall\u00e9e","article_publisher":"https:\/\/www.facebook.com\/technopoleinovallee\/","article_modified_time":"2026-04-08T11:06:51+00:00","og_image":[{"url":"https:\/\/www.inovallee.com\/wp-content\/uploads\/2022\/06\/basket.png","type":"","width":"","height":""}],"twitter_card":"summary_large_image","twitter_site":"@inovallee","twitter_misc":{"Estimated reading time":"3 minutes"},"schema":{"@context":"https:\/\/schema.org","@graph":[{"@type":"WebPage","@id":"https:\/\/www.inovallee.com\/inochallenge-2026-defi-volley\/","url":"https:\/\/www.inovallee.com\/inochallenge-2026-defi-volley\/","name":"ino'Challenge 2026 : d\u00e9fi VOLLEY - inovall\u00e9e, technopole de l'innovation","isPartOf":{"@id":"https:\/\/www.inovallee.com\/#website"},"primaryImageOfPage":{"@id":"https:\/\/www.inovallee.com\/inochallenge-2026-defi-volley\/#primaryimage"},"image":{"@id":"https:\/\/www.inovallee.com\/inochallenge-2026-defi-volley\/#primaryimage"},"thumbnailUrl":"https:\/\/www.inovallee.com\/wp-content\/uploads\/2022\/06\/basket.png","datePublished":"2023-03-31T09:23:09+00:00","dateModified":"2026-04-08T11:06:51+00:00","description":"inovall\u00e9e propose \u00e0 ses collaborateurs un challenge inter-entreprises \u00e9co-responsable et in\u00e9dit.","breadcrumb":{"@id":"https:\/\/www.inovallee.com\/inochallenge-2026-defi-volley\/#breadcrumb"},"inLanguage":"en-GB","potentialAction":[{"@type":"ReadAction","target":["https:\/\/www.inovallee.com\/inochallenge-2026-defi-volley\/"]}]},{"@type":"ImageObject","inLanguage":"en-GB","@id":"https:\/\/www.inovallee.com\/inochallenge-2026-defi-volley\/#primaryimage","url":"https:\/\/www.inovallee.com\/wp-content\/uploads\/2022\/06\/basket.png","contentUrl":"https:\/\/www.inovallee.com\/wp-content\/uploads\/2022\/06\/basket.png"},{"@type":"BreadcrumbList","@id":"https:\/\/www.inovallee.com\/inochallenge-2026-defi-volley\/#breadcrumb","itemListElement":[{"@type":"ListItem","position":1,"name":"Accueil","item":"https:\/\/www.inovallee.com\/"},{"@type":"ListItem","position":2,"name":"ino&rsquo;Challenge 2026 : d\u00e9fi VOLLEY"}]},{"@type":"WebSite","@id":"https:\/\/www.inovallee.com\/#website","url":"https:\/\/www.inovallee.com\/","name":"inovall\u00e9e technopole, Home to software & smart technologies","description":"Home to software &amp; smart technologies","publisher":{"@id":"https:\/\/www.inovallee.com\/#organization"},"potentialAction":[{"@type":"SearchAction","target":{"@type":"EntryPoint","urlTemplate":"https:\/\/www.inovallee.com\/?s={search_term_string}"},"query-input":{"@type":"PropertyValueSpecification","valueRequired":true,"valueName":"search_term_string"}}],"inLanguage":"en-GB"},{"@type":"Organization","@id":"https:\/\/www.inovallee.com\/#organization","name":"inovall\u00e9e","url":"https:\/\/www.inovallee.com\/","logo":{"@type":"ImageObject","inLanguage":"en-GB","@id":"https:\/\/www.inovallee.com\/#\/schema\/logo\/image\/","url":"https:\/\/www.inovallee.com\/wp-content\/uploads\/2023\/08\/inovallee_2022_GrenobleAlpes.png","contentUrl":"https:\/\/www.inovallee.com\/wp-content\/uploads\/2023\/08\/inovallee_2022_GrenobleAlpes.png","width":945,"height":369,"caption":"inovall\u00e9e"},"image":{"@id":"https:\/\/www.inovallee.com\/#\/schema\/logo\/image\/"},"sameAs":["https:\/\/www.facebook.com\/technopoleinovallee\/","https:\/\/x.com\/inovallee","https:\/\/www.linkedin.com\/company\/inovall-e\/","https:\/\/www.youtube.com\/user\/inovallee?reload=9"]}]}},"_links":{"self":[{"href":"http:\/\/www.inovallee.com\/en\/wp-json\/wp\/v2\/pages\/45951","targetHints":{"allow":["GET"]}}],"collection":[{"href":"http:\/\/www.inovallee.com\/en\/wp-json\/wp\/v2\/pages"}],"about":[{"href":"http:\/\/www.inovallee.com\/en\/wp-json\/wp\/v2\/types\/page"}],"author":[{"embeddable":true,"href":"http:\/\/www.inovallee.com\/en\/wp-json\/wp\/v2\/users\/11"}],"replies":[{"embeddable":true,"href":"http:\/\/www.inovallee.com\/en\/wp-json\/wp\/v2\/comments?post=45951"}],"version-history":[{"count":83,"href":"http:\/\/www.inovallee.com\/en\/wp-json\/wp\/v2\/pages\/45951\/revisions"}],"predecessor-version":[{"id":63812,"href":"http:\/\/www.inovallee.com\/en\/wp-json\/wp\/v2\/pages\/45951\/revisions\/63812"}],"wp:attachment":[{"href":"http:\/\/www.inovallee.com\/en\/wp-json\/wp\/v2\/media?parent=45951"}],"curies":[{"name":"wp","href":"https:\/\/api.w.org\/{rel}","templated":true}]}}