{"id":46021,"date":"2023-03-31T13:29:24","date_gmt":"2023-03-31T11:29:24","guid":{"rendered":"https:\/\/www.inovallee.com\/?page_id=46021"},"modified":"2026-03-17T12:15:08","modified_gmt":"2026-03-17T11:15:08","slug":"inochallenge-2026-defi-flechettes","status":"publish","type":"page","link":"http:\/\/www.inovallee.com\/en\/inochallenge-2026-defi-flechettes\/","title":{"rendered":"ino&rsquo;Challenge 2026 : d\u00e9fi FLECHETTES"},"content":{"rendered":"\t\t<div data-elementor-type=\"wp-page\" data-elementor-id=\"46021\" class=\"elementor elementor-46021\" data-elementor-post-type=\"page\">\n\t\t\t\t\t\t<section class=\"elementor-section elementor-top-section elementor-element elementor-element-c1cadc0 elementor-section-height-min-height elementor-section-items-stretch elementor-section-boxed elementor-section-height-default\" data-id=\"c1cadc0\" data-element_type=\"section\" data-e-type=\"section\" data-settings=\"{&quot;background_background&quot;:&quot;slideshow&quot;,&quot;background_slideshow_gallery&quot;:[{&quot;id&quot;:62677,&quot;url&quot;:&quot;https:\\\/\\\/www.inovallee.com\\\/wp-content\\\/uploads\\\/2026\\\/02\\\/Bandeau_Site_inochallenge-2026.png&quot;}],&quot;background_slideshow_loop&quot;:&quot;yes&quot;,&quot;background_slideshow_slide_duration&quot;:5000,&quot;background_slideshow_slide_transition&quot;:&quot;fade&quot;,&quot;background_slideshow_transition_duration&quot;:500}\">\n\t\t\t\t\t\t\t<div class=\"elementor-background-overlay\"><\/div>\n\t\t\t\t\t\t\t<div class=\"elementor-container elementor-column-gap-default\">\n\t\t\t\t\t<div class=\"elementor-column elementor-col-100 elementor-top-column elementor-element elementor-element-1744112\" data-id=\"1744112\" data-element_type=\"column\" data-e-type=\"column\">\n\t\t\t<div class=\"elementor-widget-wrap\">\n\t\t\t\t\t\t\t<\/div>\n\t\t<\/div>\n\t\t\t\t\t<\/div>\n\t\t<\/section>\n\t\t\t\t<section class=\"elementor-section elementor-top-section elementor-element elementor-element-c27b477 elementor-section-boxed elementor-section-height-default elementor-section-height-default\" data-id=\"c27b477\" data-element_type=\"section\" data-e-type=\"section\" data-settings=\"{&quot;background_background&quot;:&quot;classic&quot;}\">\n\t\t\t\t\t\t<div class=\"elementor-container elementor-column-gap-wide\">\n\t\t\t\t\t<div class=\"elementor-column elementor-col-100 elementor-top-column elementor-element elementor-element-24d5903\" data-id=\"24d5903\" data-element_type=\"column\" data-e-type=\"column\">\n\t\t\t<div class=\"elementor-widget-wrap elementor-element-populated\">\n\t\t\t\t\t\t<div class=\"elementor-element elementor-element-a959b73 elementor-widget elementor-widget-spacer\" data-id=\"a959b73\" data-element_type=\"widget\" data-e-type=\"widget\" data-widget_type=\"spacer.default\">\n\t\t\t\t<div class=\"elementor-widget-container\">\n\t\t\t\t\t\t\t<div class=\"elementor-spacer\">\n\t\t\t<div class=\"elementor-spacer-inner\"><\/div>\n\t\t<\/div>\n\t\t\t\t\t\t<\/div>\n\t\t\t\t<\/div>\n\t\t\t\t<div class=\"elementor-element elementor-element-a843017 elementor-widget elementor-widget-heading\" data-id=\"a843017\" data-element_type=\"widget\" data-e-type=\"widget\" data-widget_type=\"heading.default\">\n\t\t\t\t<div class=\"elementor-widget-container\">\n\t\t\t\t\t<h2 class=\"elementor-heading-title elementor-size-default\">FLECHETTES<\/h2>\t\t\t\t<\/div>\n\t\t\t\t<\/div>\n\t\t\t\t<div class=\"elementor-element elementor-element-191c520 elementor-widget-divider--view-line elementor-widget elementor-widget-divider\" data-id=\"191c520\" data-element_type=\"widget\" data-e-type=\"widget\" data-widget_type=\"divider.default\">\n\t\t\t\t<div class=\"elementor-widget-container\">\n\t\t\t\t\t\t\t<div class=\"elementor-divider\">\n\t\t\t<span class=\"elementor-divider-separator\">\n\t\t\t\t\t\t<\/span>\n\t\t<\/div>\n\t\t\t\t\t\t<\/div>\n\t\t\t\t<\/div>\n\t\t\t\t\t<\/div>\n\t\t<\/div>\n\t\t\t\t\t<\/div>\n\t\t<\/section>\n\t\t\t\t<section class=\"elementor-section elementor-top-section elementor-element elementor-element-fdfb5ea elementor-section-boxed elementor-section-height-default elementor-section-height-default\" data-id=\"fdfb5ea\" data-element_type=\"section\" data-e-type=\"section\">\n\t\t\t\t\t\t<div class=\"elementor-container elementor-column-gap-default\">\n\t\t\t\t\t<div class=\"elementor-column elementor-col-66 elementor-top-column elementor-element elementor-element-0b57d06\" data-id=\"0b57d06\" data-element_type=\"column\" data-e-type=\"column\">\n\t\t\t<div class=\"elementor-widget-wrap elementor-element-populated\">\n\t\t\t\t\t\t<div class=\"elementor-element elementor-element-a1bb0d9 elementor-widget elementor-widget-text-editor\" data-id=\"a1bb0d9\" data-element_type=\"widget\" data-e-type=\"widget\" data-widget_type=\"text-editor.default\">\n\t\t\t\t<div class=\"elementor-widget-container\">\n\t\t\t\t\t\t\t\t\t<p><strong>JOUR : Jeudi 11 juin de 12h \u00e0 13h45<\/strong><\/p><p><strong>LIEU : inovall\u00e9e, 29 chemin du Vieux Ch\u00eane \u00e0 Meylan<\/strong><\/p><p><strong>EQUIPE DE : 2<\/strong><\/p><p><strong>NOMBRE D&rsquo;EQUIPES : 22<\/strong><\/p><div><strong>DUREE : 4 parties de 12 mn<br \/><\/strong><\/div><div><strong>\u00a0<\/strong><\/div><p><strong>MATERIEL : Le mat\u00e9riel est fourni par inovall\u00e9e. Vous pouvez jouer avec vos propres fl\u00e9chettes si vous le souhaitez !<\/strong><\/p><p><!-- [if gte mso 10]><\/p>\n<style>\n \/* Style Definitions *\/<br \/> table.MsoNormalTable<br \/>\t{mso-style-name:\"Tableau Normal\";<br \/>\tmso-tstyle-rowband-size:0;<br \/>\tmso-tstyle-colband-size:0;<br \/>\tmso-style-noshow:yes;<br \/>\tmso-style-priority:99;<br \/>\tmso-style-parent:\"\";<br \/>\tmso-padding-alt:0cm 5.4pt 0cm 5.4pt;<br \/>\tmso-para-margin-top:0cm;<br \/>\tmso-para-margin-right:0cm;<br \/>\tmso-para-margin-bottom:8.0pt;<br \/>\tmso-para-margin-left:0cm;<br \/>\tline-height:107%;<br \/>\tmso-pagination:widow-orphan;<br \/>\tfont-size:11.0pt;<br \/>\tfont-family:\"Calibri\",sans-serif;<br \/>\tmso-ascii-font-family:Calibri;<br \/>\tmso-ascii-theme-font:minor-latin;<br \/>\tmso-hansi-font-family:Calibri;<br \/>\tmso-hansi-theme-font:minor-latin;<br \/>\tmso-bidi-font-family:\"Times New Roman\";<br \/>\tmso-bidi-theme-font:minor-bidi;<br \/>\tmso-fareast-language:EN-US;}<br \/><\/style>\n<p><![endif]--><\/p>\t\t\t\t\t\t\t\t<\/div>\n\t\t\t\t<\/div>\n\t\t\t\t<div class=\"elementor-element elementor-element-234354f elementor-widget elementor-widget-text-editor\" data-id=\"234354f\" data-element_type=\"widget\" data-e-type=\"widget\" data-widget_type=\"text-editor.default\">\n\t\t\t\t<div class=\"elementor-widget-container\">\n\t\t\t\t\t\t\t\t\t<h6><strong>Merci de vous pr\u00e9senter 5 min avant l&rsquo;heure du d\u00e9but du d\u00e9fi.<\/strong><\/h6>\t\t\t\t\t\t\t\t<\/div>\n\t\t\t\t<\/div>\n\t\t\t\t\t<\/div>\n\t\t<\/div>\n\t\t\t\t<div class=\"elementor-column elementor-col-33 elementor-top-column elementor-element elementor-element-2e75a6b\" data-id=\"2e75a6b\" data-element_type=\"column\" data-e-type=\"column\">\n\t\t\t<div class=\"elementor-widget-wrap elementor-element-populated\">\n\t\t\t\t\t\t<div class=\"elementor-element elementor-element-9519cc5 elementor-widget elementor-widget-image\" data-id=\"9519cc5\" data-element_type=\"widget\" data-e-type=\"widget\" data-widget_type=\"image.default\">\n\t\t\t\t<div class=\"elementor-widget-container\">\n\t\t\t\t\t\t\t\t\t\t\t\t\t\t\t<img fetchpriority=\"high\" decoding=\"async\" width=\"800\" height=\"500\" src=\"https:\/\/www.inovallee.com\/wp-content\/uploads\/2024\/03\/flechettes.jpg\" class=\"attachment-large size-large wp-image-51500\" alt=\"\" srcset=\"https:\/\/www.inovallee.com\/wp-content\/uploads\/2024\/03\/flechettes.jpg 800w, https:\/\/www.inovallee.com\/wp-content\/uploads\/2024\/03\/flechettes-300x188.jpg 300w, https:\/\/www.inovallee.com\/wp-content\/uploads\/2024\/03\/flechettes-768x480.jpg 768w, https:\/\/www.inovallee.com\/wp-content\/uploads\/2024\/03\/flechettes-150x94.jpg 150w, https:\/\/www.inovallee.com\/wp-content\/uploads\/2024\/03\/flechettes-400x250.jpg 400w\" sizes=\"(max-width: 800px) 100vw, 800px\" \/>\t\t\t\t\t\t\t\t\t\t\t\t\t\t\t<\/div>\n\t\t\t\t<\/div>\n\t\t\t\t\t<\/div>\n\t\t<\/div>\n\t\t\t\t\t<\/div>\n\t\t<\/section>\n\t\t\t\t<section class=\"elementor-section elementor-top-section elementor-element elementor-element-37532ce elementor-section-boxed elementor-section-height-default elementor-section-height-default\" data-id=\"37532ce\" data-element_type=\"section\" data-e-type=\"section\">\n\t\t\t\t\t\t<div class=\"elementor-container elementor-column-gap-default\">\n\t\t\t\t\t<div class=\"elementor-column elementor-col-100 elementor-top-column elementor-element elementor-element-9663964\" data-id=\"9663964\" data-element_type=\"column\" data-e-type=\"column\">\n\t\t\t<div class=\"elementor-widget-wrap elementor-element-populated\">\n\t\t\t\t\t\t<div class=\"elementor-element elementor-element-55b4d34 elementor-widget elementor-widget-text-editor\" data-id=\"55b4d34\" data-element_type=\"widget\" data-e-type=\"widget\" data-widget_type=\"text-editor.default\">\n\t\t\t\t<div class=\"elementor-widget-container\">\n\t\t\t\t\t\t\t\t\t<p><strong>Composition des \u00e9quipes :\u00a0<\/strong>La partie sera jou\u00e9e par deux \u00e9quipes de 2 joueurs.<\/p><p><strong>D\u00e9roulement du d\u00e9fi :<\/strong>\u00a0Les rencontres se d\u00e9roulent en une seule p\u00e9riode et prend fin d\u00e8s que le coup de sifflet final est donn\u00e9 par le superviseur.<\/p><p><strong>R\u00e8gles du jeu<\/strong><\/p><p><em>Objectif\u00a0: <\/em>Le but est d\u2019\u00eatre la premi\u00e8re \u00e9quipe \u00e0 atteindre exactement 0 \u00e0 partir de 501 points.<\/p><p><em>D\u00e9signation du premier joueur\u00a0: <\/em>Pour d\u00e9cider de l\u2019\u00e9quipe qui commence, un joueur de chaque \u00e9quipe est d\u00e9sign\u00e9 pour lancer une premi\u00e8re fl\u00e9chette. L\u2019\u00e9quipe la plus proche du centre de la cible d\u00e9marre la partie.<\/p><p>Les nombres sur le jeu de fl\u00e9chettes vont de 1 \u00e0 20.<\/p><p>Le cercle central \u00ab\u00a0vert\u00a0\u00bb rapporte 25 points.<\/p><p>Le rond central \u00ab\u00a0rouge\u00a0\u00bb rapporte 2x25points, soit 50.<\/p><p><em>D\u00e9roulement de la partie :\u00a0<\/em>Il s\u2019agit de la r\u00e8gle du 501. A chaque tour, chaque joueur tire ses 3 fl\u00e9chettes. Le total des points est soustrait jusqu\u2019\u00e0 atteindre les 0 point.<\/p><p><em>Calcul du score :\u00a0<\/em>Chaque joueur lance une vol\u00e9e de trois fl\u00e9chettes et additionne le score qui s\u2019ajoute \u00e0 celui de son \u00e9quipe.<\/p><p>On dit qu\u2019un joueur est au \u00ab\u00a0finish\u00a0\u00bb lorsqu\u2019il a la possibilit\u00e9 d\u2019atteindre 0 et donc, de gagner, avec une seule vol\u00e9e de 3 fl\u00e9chettes.<\/p><p>(Par exemple : Si le joueur \u00e0 un score de 40, il peut finir avec une fl\u00e8che le 20 puis le double 20. Il tente alors un finish.)<\/p><p>Si le joueur d\u00e9passe le 0, toute la vol\u00e9e de fl\u00e8che est annul\u00e9e. Cela s\u2019appelle \u00ab\u00a0bust\u00a0\u00bb ou \u00ab\u00a0couler\u00a0\u00bb.<\/p><p>(Toujours dans notre exemple d\u2019un score \u00e0 faire de 0 points : Si le joueur marque 44 points, la vol\u00e9e est annul\u00e9e et il reprendra \u00e0 40 au prochain tour.)<\/p><p>Pour arriver \u00e0 0 point, on doit imp\u00e9rativement lancer sa derni\u00e8re fl\u00e9chette de la manche dans un secteur \u00ab double \u00bb ou dans le rond central rouge. De cette mani\u00e8re, un joueur ne peut atteindre 1 point, si le cas se pr\u00e9sente, sa vol\u00e9e est annul\u00e9e et on passe au tour de l\u2019adversaire.<\/p><p><em>Distance :\u00a0<\/em>La distance entre la ligne de tir et la cible doit \u00eatre de 2.37 m\u00e8tres, et le c\u0153ur de la cible doit \u00eatre positionn\u00e9 \u00e0 1.73m pr\u00e9cis\u00e9ment du sol.<\/p><p><strong>Score<\/strong> :\u00a0Le vainqueur sera l\u2019\u00e9quipe qui a le plus de point au terme de la partie. Dans le cas o\u00f9 les deux \u00e9quipes sont \u00e0 \u00e9galit\u00e9 (score identique), cela entrainera un match nul.<\/p><p>En cas de forfait d\u2019une entreprise, les points attribu\u00e9s seront de 10-0<\/p><p><strong>Arbitrage<\/strong> :\u00a0Auto-arbitrage<\/p><p><strong>Mat\u00e9riel : <\/strong>Tout le mat\u00e9riel est fourni par inovall\u00e9e, mais vous pouvez jouer avec vos propres fl\u00e9chettes si vous le souhaitez (cible en fibre naturelle et fl\u00e9chettes avec pointe en acier).<\/p><p><strong>Format et dur\u00e9e :\u00a0<\/strong>4 parties de 12 mn, pause de 3 mn entre chaque partie.<\/p><p><strong>Points<\/strong><strong> ino\u2019challenge :\u00a0<\/strong>Chaque \u00e9quipe se\u00a0verra attribuer un classement final en fonction de ses r\u00e9sultats, et gagnera des points pour son entreprise en cons\u00e9quence.<\/p>\t\t\t\t\t\t\t\t<\/div>\n\t\t\t\t<\/div>\n\t\t\t\t\t<\/div>\n\t\t<\/div>\n\t\t\t\t\t<\/div>\n\t\t<\/section>\n\t\t\t\t<section class=\"elementor-section elementor-top-section elementor-element elementor-element-72f5986 elementor-section-boxed elementor-section-height-default elementor-section-height-default\" data-id=\"72f5986\" data-element_type=\"section\" data-e-type=\"section\" data-settings=\"{&quot;background_background&quot;:&quot;classic&quot;}\">\n\t\t\t\t\t\t<div class=\"elementor-container elementor-column-gap-default\">\n\t\t\t\t\t<div class=\"elementor-column elementor-col-100 elementor-top-column elementor-element elementor-element-43a9408\" data-id=\"43a9408\" data-element_type=\"column\" data-e-type=\"column\">\n\t\t\t<div class=\"elementor-widget-wrap elementor-element-populated\">\n\t\t\t\t\t\t<div class=\"elementor-element elementor-element-1c380ed elementor-widget elementor-widget-heading\" data-id=\"1c380ed\" data-element_type=\"widget\" data-e-type=\"widget\" data-widget_type=\"heading.default\">\n\t\t\t\t<div class=\"elementor-widget-container\">\n\t\t\t\t\t<h2 class=\"elementor-heading-title elementor-size-default\">Vous avez une question ? <\/h2>\t\t\t\t<\/div>\n\t\t\t\t<\/div>\n\t\t\t\t<div class=\"elementor-element elementor-element-1858e85 elementor-widget elementor-widget-text-editor\" data-id=\"1858e85\" data-element_type=\"widget\" data-e-type=\"widget\" data-widget_type=\"text-editor.default\">\n\t\t\t\t<div class=\"elementor-widget-container\">\n\t\t\t\t\t\t\t\t\t<p><strong>Contactez l&rsquo;\u00e9quipe inovall\u00e9e par <a href=\"mailto:v.bertrand@inovallee.com\">email<\/a> ou t\u00e9l\u00e9phone au 04 76 90 41 57<\/strong><\/p>\t\t\t\t\t\t\t\t<\/div>\n\t\t\t\t<\/div>\n\t\t\t\t<div class=\"elementor-element elementor-element-35ad5ae elementor-widget-divider--view-line elementor-widget elementor-widget-divider\" data-id=\"35ad5ae\" data-element_type=\"widget\" data-e-type=\"widget\" data-widget_type=\"divider.default\">\n\t\t\t\t<div class=\"elementor-widget-container\">\n\t\t\t\t\t\t\t<div class=\"elementor-divider\">\n\t\t\t<span class=\"elementor-divider-separator\">\n\t\t\t\t\t\t<\/span>\n\t\t<\/div>\n\t\t\t\t\t\t<\/div>\n\t\t\t\t<\/div>\n\t\t\t\t\t<\/div>\n\t\t<\/div>\n\t\t\t\t\t<\/div>\n\t\t<\/section>\n\t\t\t\t<\/div>\n\t\t","protected":false},"excerpt":{"rendered":"<p>FLECHETTES JOUR : Jeudi 11 juin de 12h \u00e0 13h45 LIEU : inovall\u00e9e, 29 chemin du Vieux Ch\u00eane \u00e0 Meylan EQUIPE DE : 2 NOMBRE D&rsquo;EQUIPES : 22 DUREE : 4 parties de 12 mn\u00a0 MATERIEL : Le mat\u00e9riel est fourni par inovall\u00e9e. Vous pouvez jouer avec vos propres fl\u00e9chettes si vous le souhaitez ! [&hellip;]<\/p>\n","protected":false},"author":11,"featured_media":0,"parent":0,"menu_order":0,"comment_status":"closed","ping_status":"closed","template":"","meta":{"footnotes":""},"class_list":["post-46021","page","type-page","status-publish","hentry"],"yoast_head":"<!-- This site is optimized with the Yoast SEO plugin v27.4 - https:\/\/yoast.com\/product\/yoast-seo-wordpress\/ -->\n<title>ino&#039;Challenge 2026 : d\u00e9fi FLECHETTES - inovall\u00e9e, technopole de l&#039;innovation<\/title>\n<meta name=\"description\" content=\"inovall\u00e9e propose \u00e0 ses collaborateurs un challenge inter-entreprises \u00e9co-responsable et in\u00e9dit.\" \/>\n<meta name=\"robots\" content=\"index, follow, max-snippet:-1, max-image-preview:large, max-video-preview:-1\" \/>\n<link rel=\"canonical\" href=\"https:\/\/www.inovallee.com\/en\/inochallenge-2026-defi-flechettes\/\" \/>\n<meta property=\"og:locale\" content=\"en_GB\" \/>\n<meta property=\"og:type\" content=\"article\" \/>\n<meta property=\"og:title\" content=\"ino&#039;Challenge 2026 : d\u00e9fi FLECHETTES - inovall\u00e9e, technopole de l&#039;innovation\" \/>\n<meta property=\"og:description\" content=\"inovall\u00e9e propose \u00e0 ses collaborateurs un challenge inter-entreprises \u00e9co-responsable et in\u00e9dit.\" \/>\n<meta property=\"og:url\" content=\"https:\/\/www.inovallee.com\/en\/inochallenge-2026-defi-flechettes\/\" \/>\n<meta property=\"og:site_name\" content=\"inovall\u00e9e\" \/>\n<meta property=\"article:publisher\" content=\"https:\/\/www.facebook.com\/technopoleinovallee\/\" \/>\n<meta property=\"article:modified_time\" content=\"2026-03-17T11:15:08+00:00\" \/>\n<meta property=\"og:image\" content=\"https:\/\/www.inovallee.com\/wp-content\/uploads\/2024\/03\/flechettes.jpg\" \/>\n\t<meta property=\"og:image:width\" content=\"800\" \/>\n\t<meta property=\"og:image:height\" content=\"500\" \/>\n\t<meta property=\"og:image:type\" content=\"image\/jpeg\" \/>\n<meta name=\"twitter:card\" content=\"summary_large_image\" \/>\n<meta name=\"twitter:site\" content=\"@inovallee\" \/>\n<meta name=\"twitter:label1\" content=\"Estimated reading time\" \/>\n\t<meta name=\"twitter:data1\" content=\"3 minutes\" \/>\n<script type=\"application\/ld+json\" class=\"yoast-schema-graph\">{\"@context\":\"https:\\\/\\\/schema.org\",\"@graph\":[{\"@type\":\"WebPage\",\"@id\":\"https:\\\/\\\/www.inovallee.com\\\/inochallenge-2026-defi-flechettes\\\/\",\"url\":\"https:\\\/\\\/www.inovallee.com\\\/inochallenge-2026-defi-flechettes\\\/\",\"name\":\"ino'Challenge 2026 : d\u00e9fi FLECHETTES - inovall\u00e9e, technopole de l'innovation\",\"isPartOf\":{\"@id\":\"https:\\\/\\\/www.inovallee.com\\\/#website\"},\"primaryImageOfPage\":{\"@id\":\"https:\\\/\\\/www.inovallee.com\\\/inochallenge-2026-defi-flechettes\\\/#primaryimage\"},\"image\":{\"@id\":\"https:\\\/\\\/www.inovallee.com\\\/inochallenge-2026-defi-flechettes\\\/#primaryimage\"},\"thumbnailUrl\":\"https:\\\/\\\/www.inovallee.com\\\/wp-content\\\/uploads\\\/2024\\\/03\\\/flechettes.jpg\",\"datePublished\":\"2023-03-31T11:29:24+00:00\",\"dateModified\":\"2026-03-17T11:15:08+00:00\",\"description\":\"inovall\u00e9e propose \u00e0 ses collaborateurs un challenge inter-entreprises \u00e9co-responsable et in\u00e9dit.\",\"breadcrumb\":{\"@id\":\"https:\\\/\\\/www.inovallee.com\\\/inochallenge-2026-defi-flechettes\\\/#breadcrumb\"},\"inLanguage\":\"en-GB\",\"potentialAction\":[{\"@type\":\"ReadAction\",\"target\":[\"https:\\\/\\\/www.inovallee.com\\\/inochallenge-2026-defi-flechettes\\\/\"]}]},{\"@type\":\"ImageObject\",\"inLanguage\":\"en-GB\",\"@id\":\"https:\\\/\\\/www.inovallee.com\\\/inochallenge-2026-defi-flechettes\\\/#primaryimage\",\"url\":\"https:\\\/\\\/www.inovallee.com\\\/wp-content\\\/uploads\\\/2024\\\/03\\\/flechettes.jpg\",\"contentUrl\":\"https:\\\/\\\/www.inovallee.com\\\/wp-content\\\/uploads\\\/2024\\\/03\\\/flechettes.jpg\"},{\"@type\":\"BreadcrumbList\",\"@id\":\"https:\\\/\\\/www.inovallee.com\\\/inochallenge-2026-defi-flechettes\\\/#breadcrumb\",\"itemListElement\":[{\"@type\":\"ListItem\",\"position\":1,\"name\":\"Accueil\",\"item\":\"https:\\\/\\\/www.inovallee.com\\\/\"},{\"@type\":\"ListItem\",\"position\":2,\"name\":\"ino&rsquo;Challenge 2026 : d\u00e9fi FLECHETTES\"}]},{\"@type\":\"WebSite\",\"@id\":\"https:\\\/\\\/www.inovallee.com\\\/#website\",\"url\":\"https:\\\/\\\/www.inovallee.com\\\/\",\"name\":\"inovall\u00e9e technopole, Home to software & smart technologies\",\"description\":\"Home to software &amp; smart technologies\",\"publisher\":{\"@id\":\"https:\\\/\\\/www.inovallee.com\\\/#organization\"},\"potentialAction\":[{\"@type\":\"SearchAction\",\"target\":{\"@type\":\"EntryPoint\",\"urlTemplate\":\"https:\\\/\\\/www.inovallee.com\\\/?s={search_term_string}\"},\"query-input\":{\"@type\":\"PropertyValueSpecification\",\"valueRequired\":true,\"valueName\":\"search_term_string\"}}],\"inLanguage\":\"en-GB\"},{\"@type\":\"Organization\",\"@id\":\"https:\\\/\\\/www.inovallee.com\\\/#organization\",\"name\":\"inovall\u00e9e\",\"url\":\"https:\\\/\\\/www.inovallee.com\\\/\",\"logo\":{\"@type\":\"ImageObject\",\"inLanguage\":\"en-GB\",\"@id\":\"https:\\\/\\\/www.inovallee.com\\\/#\\\/schema\\\/logo\\\/image\\\/\",\"url\":\"https:\\\/\\\/www.inovallee.com\\\/wp-content\\\/uploads\\\/2023\\\/08\\\/inovallee_2022_GrenobleAlpes.png\",\"contentUrl\":\"https:\\\/\\\/www.inovallee.com\\\/wp-content\\\/uploads\\\/2023\\\/08\\\/inovallee_2022_GrenobleAlpes.png\",\"width\":945,\"height\":369,\"caption\":\"inovall\u00e9e\"},\"image\":{\"@id\":\"https:\\\/\\\/www.inovallee.com\\\/#\\\/schema\\\/logo\\\/image\\\/\"},\"sameAs\":[\"https:\\\/\\\/www.facebook.com\\\/technopoleinovallee\\\/\",\"https:\\\/\\\/x.com\\\/inovallee\",\"https:\\\/\\\/www.linkedin.com\\\/company\\\/inovall-e\\\/\",\"https:\\\/\\\/www.youtube.com\\\/user\\\/inovallee?reload=9\"]}]}<\/script>\n<!-- \/ Yoast SEO plugin. -->","yoast_head_json":{"title":"ino'Challenge 2026 : d\u00e9fi FLECHETTES - inovall\u00e9e, technopole de l'innovation","description":"inovall\u00e9e propose \u00e0 ses collaborateurs un challenge inter-entreprises \u00e9co-responsable et in\u00e9dit.","robots":{"index":"index","follow":"follow","max-snippet":"max-snippet:-1","max-image-preview":"max-image-preview:large","max-video-preview":"max-video-preview:-1"},"canonical":"https:\/\/www.inovallee.com\/en\/inochallenge-2026-defi-flechettes\/","og_locale":"en_GB","og_type":"article","og_title":"ino'Challenge 2026 : d\u00e9fi FLECHETTES - inovall\u00e9e, technopole de l'innovation","og_description":"inovall\u00e9e propose \u00e0 ses collaborateurs un challenge inter-entreprises \u00e9co-responsable et in\u00e9dit.","og_url":"https:\/\/www.inovallee.com\/en\/inochallenge-2026-defi-flechettes\/","og_site_name":"inovall\u00e9e","article_publisher":"https:\/\/www.facebook.com\/technopoleinovallee\/","article_modified_time":"2026-03-17T11:15:08+00:00","og_image":[{"width":800,"height":500,"url":"https:\/\/www.inovallee.com\/wp-content\/uploads\/2024\/03\/flechettes.jpg","type":"image\/jpeg"}],"twitter_card":"summary_large_image","twitter_site":"@inovallee","twitter_misc":{"Estimated reading time":"3 minutes"},"schema":{"@context":"https:\/\/schema.org","@graph":[{"@type":"WebPage","@id":"https:\/\/www.inovallee.com\/inochallenge-2026-defi-flechettes\/","url":"https:\/\/www.inovallee.com\/inochallenge-2026-defi-flechettes\/","name":"ino'Challenge 2026 : d\u00e9fi FLECHETTES - inovall\u00e9e, technopole de l'innovation","isPartOf":{"@id":"https:\/\/www.inovallee.com\/#website"},"primaryImageOfPage":{"@id":"https:\/\/www.inovallee.com\/inochallenge-2026-defi-flechettes\/#primaryimage"},"image":{"@id":"https:\/\/www.inovallee.com\/inochallenge-2026-defi-flechettes\/#primaryimage"},"thumbnailUrl":"https:\/\/www.inovallee.com\/wp-content\/uploads\/2024\/03\/flechettes.jpg","datePublished":"2023-03-31T11:29:24+00:00","dateModified":"2026-03-17T11:15:08+00:00","description":"inovall\u00e9e propose \u00e0 ses collaborateurs un challenge inter-entreprises \u00e9co-responsable et in\u00e9dit.","breadcrumb":{"@id":"https:\/\/www.inovallee.com\/inochallenge-2026-defi-flechettes\/#breadcrumb"},"inLanguage":"en-GB","potentialAction":[{"@type":"ReadAction","target":["https:\/\/www.inovallee.com\/inochallenge-2026-defi-flechettes\/"]}]},{"@type":"ImageObject","inLanguage":"en-GB","@id":"https:\/\/www.inovallee.com\/inochallenge-2026-defi-flechettes\/#primaryimage","url":"https:\/\/www.inovallee.com\/wp-content\/uploads\/2024\/03\/flechettes.jpg","contentUrl":"https:\/\/www.inovallee.com\/wp-content\/uploads\/2024\/03\/flechettes.jpg"},{"@type":"BreadcrumbList","@id":"https:\/\/www.inovallee.com\/inochallenge-2026-defi-flechettes\/#breadcrumb","itemListElement":[{"@type":"ListItem","position":1,"name":"Accueil","item":"https:\/\/www.inovallee.com\/"},{"@type":"ListItem","position":2,"name":"ino&rsquo;Challenge 2026 : d\u00e9fi FLECHETTES"}]},{"@type":"WebSite","@id":"https:\/\/www.inovallee.com\/#website","url":"https:\/\/www.inovallee.com\/","name":"inovall\u00e9e technopole, Home to software & smart technologies","description":"Home to software &amp; smart technologies","publisher":{"@id":"https:\/\/www.inovallee.com\/#organization"},"potentialAction":[{"@type":"SearchAction","target":{"@type":"EntryPoint","urlTemplate":"https:\/\/www.inovallee.com\/?s={search_term_string}"},"query-input":{"@type":"PropertyValueSpecification","valueRequired":true,"valueName":"search_term_string"}}],"inLanguage":"en-GB"},{"@type":"Organization","@id":"https:\/\/www.inovallee.com\/#organization","name":"inovall\u00e9e","url":"https:\/\/www.inovallee.com\/","logo":{"@type":"ImageObject","inLanguage":"en-GB","@id":"https:\/\/www.inovallee.com\/#\/schema\/logo\/image\/","url":"https:\/\/www.inovallee.com\/wp-content\/uploads\/2023\/08\/inovallee_2022_GrenobleAlpes.png","contentUrl":"https:\/\/www.inovallee.com\/wp-content\/uploads\/2023\/08\/inovallee_2022_GrenobleAlpes.png","width":945,"height":369,"caption":"inovall\u00e9e"},"image":{"@id":"https:\/\/www.inovallee.com\/#\/schema\/logo\/image\/"},"sameAs":["https:\/\/www.facebook.com\/technopoleinovallee\/","https:\/\/x.com\/inovallee","https:\/\/www.linkedin.com\/company\/inovall-e\/","https:\/\/www.youtube.com\/user\/inovallee?reload=9"]}]}},"_links":{"self":[{"href":"http:\/\/www.inovallee.com\/en\/wp-json\/wp\/v2\/pages\/46021","targetHints":{"allow":["GET"]}}],"collection":[{"href":"http:\/\/www.inovallee.com\/en\/wp-json\/wp\/v2\/pages"}],"about":[{"href":"http:\/\/www.inovallee.com\/en\/wp-json\/wp\/v2\/types\/page"}],"author":[{"embeddable":true,"href":"http:\/\/www.inovallee.com\/en\/wp-json\/wp\/v2\/users\/11"}],"replies":[{"embeddable":true,"href":"http:\/\/www.inovallee.com\/en\/wp-json\/wp\/v2\/comments?post=46021"}],"version-history":[{"count":34,"href":"http:\/\/www.inovallee.com\/en\/wp-json\/wp\/v2\/pages\/46021\/revisions"}],"predecessor-version":[{"id":63290,"href":"http:\/\/www.inovallee.com\/en\/wp-json\/wp\/v2\/pages\/46021\/revisions\/63290"}],"wp:attachment":[{"href":"http:\/\/www.inovallee.com\/en\/wp-json\/wp\/v2\/media?parent=46021"}],"curies":[{"name":"wp","href":"https:\/\/api.w.org\/{rel}","templated":true}]}}