{"id":46068,"date":"2023-03-31T15:48:23","date_gmt":"2023-03-31T13:48:23","guid":{"rendered":"https:\/\/www.inovallee.com\/?page_id=46068"},"modified":"2026-03-17T12:07:01","modified_gmt":"2026-03-17T11:07:01","slug":"inochallenge-2026-defi-molkky","status":"publish","type":"page","link":"http:\/\/www.inovallee.com\/en\/inochallenge-2026-defi-molkky\/","title":{"rendered":"ino&rsquo;Challenge 2026 : d\u00e9fi MOLKKY"},"content":{"rendered":"\t\t<div data-elementor-type=\"wp-page\" data-elementor-id=\"46068\" class=\"elementor elementor-46068\" data-elementor-post-type=\"page\">\n\t\t\t\t\t\t<section class=\"elementor-section elementor-top-section elementor-element elementor-element-c1cadc0 elementor-section-height-min-height elementor-section-items-stretch elementor-section-boxed elementor-section-height-default\" data-id=\"c1cadc0\" data-element_type=\"section\" data-e-type=\"section\" data-settings=\"{&quot;background_background&quot;:&quot;slideshow&quot;,&quot;background_slideshow_gallery&quot;:[{&quot;id&quot;:62677,&quot;url&quot;:&quot;https:\\\/\\\/www.inovallee.com\\\/wp-content\\\/uploads\\\/2026\\\/02\\\/Bandeau_Site_inochallenge-2026.png&quot;}],&quot;background_slideshow_loop&quot;:&quot;yes&quot;,&quot;background_slideshow_slide_duration&quot;:5000,&quot;background_slideshow_slide_transition&quot;:&quot;fade&quot;,&quot;background_slideshow_transition_duration&quot;:500}\">\n\t\t\t\t\t\t\t<div class=\"elementor-background-overlay\"><\/div>\n\t\t\t\t\t\t\t<div class=\"elementor-container elementor-column-gap-default\">\n\t\t\t\t\t<div class=\"elementor-column elementor-col-100 elementor-top-column elementor-element elementor-element-1744112\" data-id=\"1744112\" data-element_type=\"column\" data-e-type=\"column\">\n\t\t\t<div class=\"elementor-widget-wrap\">\n\t\t\t\t\t\t\t<\/div>\n\t\t<\/div>\n\t\t\t\t\t<\/div>\n\t\t<\/section>\n\t\t\t\t<section class=\"elementor-section elementor-top-section elementor-element elementor-element-c27b477 elementor-section-boxed elementor-section-height-default elementor-section-height-default\" data-id=\"c27b477\" data-element_type=\"section\" data-e-type=\"section\" data-settings=\"{&quot;background_background&quot;:&quot;classic&quot;}\">\n\t\t\t\t\t\t<div class=\"elementor-container elementor-column-gap-wide\">\n\t\t\t\t\t<div class=\"elementor-column elementor-col-100 elementor-top-column elementor-element elementor-element-24d5903\" data-id=\"24d5903\" data-element_type=\"column\" data-e-type=\"column\">\n\t\t\t<div class=\"elementor-widget-wrap elementor-element-populated\">\n\t\t\t\t\t\t<div class=\"elementor-element elementor-element-a959b73 elementor-widget elementor-widget-spacer\" data-id=\"a959b73\" data-element_type=\"widget\" data-e-type=\"widget\" data-widget_type=\"spacer.default\">\n\t\t\t\t<div class=\"elementor-widget-container\">\n\t\t\t\t\t\t\t<div class=\"elementor-spacer\">\n\t\t\t<div class=\"elementor-spacer-inner\"><\/div>\n\t\t<\/div>\n\t\t\t\t\t\t<\/div>\n\t\t\t\t<\/div>\n\t\t\t\t<div class=\"elementor-element elementor-element-a843017 elementor-widget elementor-widget-heading\" data-id=\"a843017\" data-element_type=\"widget\" data-e-type=\"widget\" data-widget_type=\"heading.default\">\n\t\t\t\t<div class=\"elementor-widget-container\">\n\t\t\t\t\t<h2 class=\"elementor-heading-title elementor-size-default\">MOLKKY<\/h2>\t\t\t\t<\/div>\n\t\t\t\t<\/div>\n\t\t\t\t<div class=\"elementor-element elementor-element-973780c elementor-widget-divider--view-line elementor-widget elementor-widget-divider\" data-id=\"973780c\" data-element_type=\"widget\" data-e-type=\"widget\" data-widget_type=\"divider.default\">\n\t\t\t\t<div class=\"elementor-widget-container\">\n\t\t\t\t\t\t\t<div class=\"elementor-divider\">\n\t\t\t<span class=\"elementor-divider-separator\">\n\t\t\t\t\t\t<\/span>\n\t\t<\/div>\n\t\t\t\t\t\t<\/div>\n\t\t\t\t<\/div>\n\t\t\t\t\t<\/div>\n\t\t<\/div>\n\t\t\t\t\t<\/div>\n\t\t<\/section>\n\t\t\t\t<section class=\"elementor-section elementor-top-section elementor-element elementor-element-7af38a5 elementor-section-boxed elementor-section-height-default elementor-section-height-default\" data-id=\"7af38a5\" data-element_type=\"section\" data-e-type=\"section\">\n\t\t\t\t\t\t<div class=\"elementor-container elementor-column-gap-default\">\n\t\t\t\t\t<div class=\"elementor-column elementor-col-66 elementor-top-column elementor-element elementor-element-9949d19\" data-id=\"9949d19\" data-element_type=\"column\" data-e-type=\"column\">\n\t\t\t<div class=\"elementor-widget-wrap elementor-element-populated\">\n\t\t\t\t\t\t<div class=\"elementor-element elementor-element-ccd5dfd elementor-widget elementor-widget-text-editor\" data-id=\"ccd5dfd\" data-element_type=\"widget\" data-e-type=\"widget\" data-widget_type=\"text-editor.default\">\n\t\t\t\t<div class=\"elementor-widget-container\">\n\t\t\t\t\t\t\t\t\t<p><strong>JOUR : Mercredi 17 juin de 12h \u00e0 13h45<\/strong><\/p><p><strong>LIEU : 35 chemin du Vieux Ch\u00eane \u00e0 Meylan<\/strong><\/p><p><strong>EQUIPE DE : 2<\/strong><\/p><p><strong>NOMBRE D&rsquo;EQUIPES : 26<\/strong><\/p><p><strong>SCORE : Le 1<sup>er<\/sup> \u00e0 avoir 50 points ou celui \u00e0 s\u2019en rapprocher le plus au terme de la partie. Les \u00e9quipes seront d\u00e9partag\u00e9s par le nombre de partie gagn\u00e9e.\u00a0<\/strong><strong>Les ex-aequo seront d\u00e9partag\u00e9s en rangeant l\u2019\u00e9cart de la somme des points de jeu dans l\u2019ordre d\u00e9croissant.<\/strong><\/p><p><strong>ARBITRAGE : Auto-arbitrage<\/strong><\/p><p><strong>DUREE : 5 parties de 15 minutes <br \/><\/strong><\/p><p><strong>MATERIEL : Fourni par inovall\u00e9e.<\/strong><\/p><p><!-- [if gte mso 10]><\/p>\n<style>\n \/* Style Definitions *\/<br \/> table.MsoNormalTable<br \/>\t{mso-style-name:\"Tableau Normal\";<br \/>\tmso-tstyle-rowband-size:0;<br \/>\tmso-tstyle-colband-size:0;<br \/>\tmso-style-noshow:yes;<br \/>\tmso-style-priority:99;<br \/>\tmso-style-parent:\"\";<br \/>\tmso-padding-alt:0cm 5.4pt 0cm 5.4pt;<br \/>\tmso-para-margin-top:0cm;<br \/>\tmso-para-margin-right:0cm;<br \/>\tmso-para-margin-bottom:8.0pt;<br \/>\tmso-para-margin-left:0cm;<br \/>\tline-height:107%;<br \/>\tmso-pagination:widow-orphan;<br \/>\tfont-size:11.0pt;<br \/>\tfont-family:\"Calibri\",sans-serif;<br \/>\tmso-ascii-font-family:Calibri;<br \/>\tmso-ascii-theme-font:minor-latin;<br \/>\tmso-hansi-font-family:Calibri;<br \/>\tmso-hansi-theme-font:minor-latin;<br \/>\tmso-bidi-font-family:\"Times New Roman\";<br \/>\tmso-bidi-theme-font:minor-bidi;<br \/>\tmso-fareast-language:EN-US;}<br \/><\/style>\n<p><![endif]--><\/p><h6><strong>Merci de vous pr\u00e9senter 5 min avant l&rsquo;heure du d\u00e9but du d\u00e9fi.<\/strong><\/h6>\t\t\t\t\t\t\t\t<\/div>\n\t\t\t\t<\/div>\n\t\t\t\t\t<\/div>\n\t\t<\/div>\n\t\t\t\t<div class=\"elementor-column elementor-col-33 elementor-top-column elementor-element elementor-element-3059cca\" data-id=\"3059cca\" data-element_type=\"column\" data-e-type=\"column\">\n\t\t\t<div class=\"elementor-widget-wrap elementor-element-populated\">\n\t\t\t\t\t\t<div class=\"elementor-element elementor-element-785b47d elementor-widget elementor-widget-image\" data-id=\"785b47d\" data-element_type=\"widget\" data-e-type=\"widget\" data-widget_type=\"image.default\">\n\t\t\t\t<div class=\"elementor-widget-container\">\n\t\t\t\t\t\t\t\t\t\t\t\t\t\t\t<img fetchpriority=\"high\" decoding=\"async\" width=\"800\" height=\"533\" src=\"https:\/\/www.inovallee.com\/wp-content\/uploads\/2022\/06\/IMG_8502-scaled.jpg\" class=\"attachment-large size-large wp-image-42313\" alt=\"\" srcset=\"https:\/\/www.inovallee.com\/wp-content\/uploads\/2022\/06\/IMG_8502-scaled.jpg 2048w, https:\/\/www.inovallee.com\/wp-content\/uploads\/2022\/06\/IMG_8502-300x200.jpg 300w\" sizes=\"(max-width: 800px) 100vw, 800px\" \/>\t\t\t\t\t\t\t\t\t\t\t\t\t\t\t<\/div>\n\t\t\t\t<\/div>\n\t\t\t\t\t<\/div>\n\t\t<\/div>\n\t\t\t\t\t<\/div>\n\t\t<\/section>\n\t\t\t\t<section class=\"elementor-section elementor-top-section elementor-element elementor-element-8c11a12 elementor-section-boxed elementor-section-height-default elementor-section-height-default\" data-id=\"8c11a12\" data-element_type=\"section\" data-e-type=\"section\">\n\t\t\t\t\t\t<div class=\"elementor-container elementor-column-gap-default\">\n\t\t\t\t\t<div class=\"elementor-column elementor-col-100 elementor-top-column elementor-element elementor-element-64f61eb\" data-id=\"64f61eb\" data-element_type=\"column\" data-e-type=\"column\">\n\t\t\t<div class=\"elementor-widget-wrap elementor-element-populated\">\n\t\t\t\t\t\t<div class=\"elementor-element elementor-element-829a9e4 elementor-widget elementor-widget-text-editor\" data-id=\"829a9e4\" data-element_type=\"widget\" data-e-type=\"widget\" data-widget_type=\"text-editor.default\">\n\t\t\t\t<div class=\"elementor-widget-container\">\n\t\t\t\t\t\t\t\t\t<p><strong>Composition des \u00e9quipes : <\/strong>La partie sera jou\u00e9e par deux \u00e9quipes de 2 joueurs.<\/p>\n<p><strong>D\u00e9roulement des rencontres :<\/strong> Les rencontres se d\u00e9roulent en une seule p\u00e9riode et prend fin d\u00e8s que le coup de sifflet final est donn\u00e9 par le superviseur.<\/p>\n<p><strong>R\u00e8gles du jeu<\/strong><\/p>\n<p><em>Objectif :&nbsp;<\/em>Le but du jeu est de faire tomber des quilles, num\u00e9rot\u00e9es de 1 \u00e0 12, \u00e0 l\u2019aide d\u2019un \u00ab&nbsp;lanceur&nbsp;\u00bb jusqu\u2019\u00e0 obtenir un total de 50. La premi\u00e8re \u00e9quipe \u00e0 y parvenir remporte la partie.<\/p>\n<p>A tout instant, si une \u00e9quipe d\u00e9passe 50, elle redescend \u00e0 25.<\/p><p><em>Disposition initiale des quilles :&nbsp;<\/em>Les quilles sont plac\u00e9es \u00e0 une distance de 3m de la zone de lancement, d\u00e9finie par un trait trac\u00e9 au sol.<\/p><p><em>Ordre de jeu :&nbsp;<\/em>Une fois le premier joueur d\u00e9sign\u00e9, il lance le \u00ab&nbsp;lanceur&nbsp;\u00bb en direction des quilles. C\u2019est ensuite \u00e0 un joueur de l\u2019\u00e9quipe adverse, puis au second joueur de la premi\u00e8re \u00e9quipe, et enfin, au second joueur de l\u2019\u00e9quipe adverse. On revient ensuite au premier joueur d\u00e9sign\u00e9, et ainsi de suite, jusqu\u2019\u00e0 la fin de la partie.<\/p>\n<p><em>Marquer des points<\/em><\/p>\n<p>&#8211; Lorsqu&rsquo;un joueur renverse plusieurs quilles, il marque autant de point que le nombre de quilles renvers\u00e9es.&nbsp;<\/p>\n<p><em>Exemple : Le joueur renverse 3 quilles (n\u00b04 5 et 8), il marque 3 points.<\/em><\/p>\n<p>&#8211; Lorsqu&rsquo;un joueur renverse une seule quille, il marque autant de point que le nombre indiqu\u00e9 sur la quille renvers\u00e9e.&nbsp;<\/p>\n<p><em>Exemple : Le joueur renverse 1 quille (n\u00b08), il marque 8 points.<\/em><\/p>\n<p><em>Attention, une quille est jug\u00e9e comme renvers\u00e9e si elle est enti\u00e8rement tomb\u00e9e, et qu\u2019elle ne repose ni sur une autre quille, ni sur le lanceur.<\/em><\/p><p><em>Relever une quille :&nbsp;<\/em>Les quilles sont remises en place sur le terrain sur leur base sans les soulever du sol (et non sur la pointe).<\/p><p><em>Retour \u00e0 z\u00e9ro :&nbsp;<\/em>Si une \u00e9quipe effectue trois lancers cons\u00e9cutifs sans toucher de quilles, le score de l\u2019\u00e9quipe redescend alors \u00e0 0. Il n\u2019y a pas d\u2019\u00e9limination.<\/p>\n<p><b>Score <\/b>: Le vainqueur sera l\u2019\u00e9quipe qui a le plus de point au terme de la partie. Dans le cas o\u00f9 les deux \u00e9quipes sont \u00e0 \u00e9galit\u00e9 (score identique), cela entrainera un match nul.<\/p>\n<p><b>Arbitrage <\/b>:&nbsp;Auto-arbitrage<\/p>\n<p><strong>Mat\u00e9riel :&nbsp;<\/strong>Plusieurs sets de jeu sont fournis par inovall\u00e9e, nous demandons aux participants d\u2019amener leur jeu personnel si possible.<\/p>\n<p><strong>Format et dur\u00e9e :&nbsp;<\/strong>5 parties de 12 mn et pause de 5 mn entre chaque partie.<\/p>\n<p><strong>Points ino\u2019challenge :&nbsp;<\/strong>Chaque \u00e9quipe se&nbsp;verra attribuer un classement final en fonction de ses r\u00e9sultats, et gagnera des points pour son entreprise en cons\u00e9quence.<\/p>\t\t\t\t\t\t\t\t<\/div>\n\t\t\t\t<\/div>\n\t\t\t\t\t<\/div>\n\t\t<\/div>\n\t\t\t\t\t<\/div>\n\t\t<\/section>\n\t\t\t\t<section class=\"elementor-section elementor-top-section elementor-element elementor-element-72f5986 elementor-section-boxed elementor-section-height-default elementor-section-height-default\" data-id=\"72f5986\" data-element_type=\"section\" data-e-type=\"section\" data-settings=\"{&quot;background_background&quot;:&quot;classic&quot;}\">\n\t\t\t\t\t\t<div class=\"elementor-container elementor-column-gap-default\">\n\t\t\t\t\t<div class=\"elementor-column elementor-col-100 elementor-top-column elementor-element elementor-element-43a9408\" data-id=\"43a9408\" data-element_type=\"column\" data-e-type=\"column\">\n\t\t\t<div class=\"elementor-widget-wrap elementor-element-populated\">\n\t\t\t\t\t\t<div class=\"elementor-element elementor-element-1c380ed elementor-widget elementor-widget-heading\" data-id=\"1c380ed\" data-element_type=\"widget\" data-e-type=\"widget\" data-widget_type=\"heading.default\">\n\t\t\t\t<div class=\"elementor-widget-container\">\n\t\t\t\t\t<h2 class=\"elementor-heading-title elementor-size-default\">Vous avez une question ? <\/h2>\t\t\t\t<\/div>\n\t\t\t\t<\/div>\n\t\t\t\t<div class=\"elementor-element elementor-element-b6de52d elementor-widget elementor-widget-text-editor\" data-id=\"b6de52d\" data-element_type=\"widget\" data-e-type=\"widget\" data-widget_type=\"text-editor.default\">\n\t\t\t\t<div class=\"elementor-widget-container\">\n\t\t\t\t\t\t\t\t\t<p><strong>Contactez l&rsquo;\u00e9quipe inovall\u00e9e par <a href=\"mailto:v.bertrand@inovallee.com\">email<\/a> ou t\u00e9l\u00e9phone au <\/strong><strong>04 76 90 41 57<\/strong><strong>\u00a0<\/strong><\/p>\t\t\t\t\t\t\t\t<\/div>\n\t\t\t\t<\/div>\n\t\t\t\t<div class=\"elementor-element elementor-element-e609ddb elementor-widget-divider--view-line elementor-widget elementor-widget-divider\" data-id=\"e609ddb\" data-element_type=\"widget\" data-e-type=\"widget\" data-widget_type=\"divider.default\">\n\t\t\t\t<div class=\"elementor-widget-container\">\n\t\t\t\t\t\t\t<div class=\"elementor-divider\">\n\t\t\t<span class=\"elementor-divider-separator\">\n\t\t\t\t\t\t<\/span>\n\t\t<\/div>\n\t\t\t\t\t\t<\/div>\n\t\t\t\t<\/div>\n\t\t\t\t\t<\/div>\n\t\t<\/div>\n\t\t\t\t\t<\/div>\n\t\t<\/section>\n\t\t\t\t<\/div>\n\t\t","protected":false},"excerpt":{"rendered":"<p>MOLKKY JOUR : Mercredi 17 juin de 12h \u00e0 13h45 LIEU : 35 chemin du Vieux Ch\u00eane \u00e0 Meylan EQUIPE DE : 2 NOMBRE D&rsquo;EQUIPES : 26 SCORE : Le 1er \u00e0 avoir 50 points ou celui \u00e0 s\u2019en rapprocher le plus au terme de la partie. Les \u00e9quipes seront d\u00e9partag\u00e9s par le nombre de [&hellip;]<\/p>\n","protected":false},"author":11,"featured_media":0,"parent":0,"menu_order":0,"comment_status":"closed","ping_status":"closed","template":"","meta":{"footnotes":""},"class_list":["post-46068","page","type-page","status-publish","hentry"],"yoast_head":"<!-- This site is optimized with the Yoast SEO plugin v27.4 - https:\/\/yoast.com\/product\/yoast-seo-wordpress\/ -->\n<title>ino&#039;Challenge 2026 : d\u00e9fi MOLKKY - inovall\u00e9e, technopole de l&#039;innovation<\/title>\n<meta name=\"description\" content=\"inovall\u00e9e propose \u00e0 ses collaborateurs un challenge inter-entreprises \u00e9co-responsable et in\u00e9dit.\" \/>\n<meta name=\"robots\" content=\"index, follow, max-snippet:-1, max-image-preview:large, max-video-preview:-1\" \/>\n<link rel=\"canonical\" href=\"https:\/\/www.inovallee.com\/en\/inochallenge-2026-defi-molkky\/\" \/>\n<meta property=\"og:locale\" content=\"en_GB\" \/>\n<meta property=\"og:type\" content=\"article\" \/>\n<meta property=\"og:title\" content=\"ino&#039;Challenge 2026 : d\u00e9fi MOLKKY - inovall\u00e9e, technopole de l&#039;innovation\" \/>\n<meta property=\"og:description\" content=\"inovall\u00e9e propose \u00e0 ses collaborateurs un challenge inter-entreprises \u00e9co-responsable et in\u00e9dit.\" \/>\n<meta property=\"og:url\" content=\"https:\/\/www.inovallee.com\/en\/inochallenge-2026-defi-molkky\/\" \/>\n<meta property=\"og:site_name\" content=\"inovall\u00e9e\" \/>\n<meta property=\"article:publisher\" content=\"https:\/\/www.facebook.com\/technopoleinovallee\/\" \/>\n<meta property=\"article:modified_time\" content=\"2026-03-17T11:07:01+00:00\" \/>\n<meta property=\"og:image\" content=\"https:\/\/www.inovallee.com\/wp-content\/uploads\/2022\/06\/IMG_8502-scaled.jpg\" \/>\n\t<meta property=\"og:image:width\" content=\"2048\" \/>\n\t<meta property=\"og:image:height\" content=\"1365\" \/>\n\t<meta property=\"og:image:type\" content=\"image\/jpeg\" \/>\n<meta name=\"twitter:card\" content=\"summary_large_image\" \/>\n<meta name=\"twitter:site\" content=\"@inovallee\" \/>\n<meta name=\"twitter:label1\" content=\"Estimated reading time\" \/>\n\t<meta name=\"twitter:data1\" content=\"3 minutes\" \/>\n<script type=\"application\/ld+json\" class=\"yoast-schema-graph\">{\"@context\":\"https:\\\/\\\/schema.org\",\"@graph\":[{\"@type\":\"WebPage\",\"@id\":\"https:\\\/\\\/www.inovallee.com\\\/inochallenge-2026-defi-molkky\\\/\",\"url\":\"https:\\\/\\\/www.inovallee.com\\\/inochallenge-2026-defi-molkky\\\/\",\"name\":\"ino'Challenge 2026 : d\u00e9fi MOLKKY - inovall\u00e9e, technopole de l'innovation\",\"isPartOf\":{\"@id\":\"https:\\\/\\\/www.inovallee.com\\\/#website\"},\"primaryImageOfPage\":{\"@id\":\"https:\\\/\\\/www.inovallee.com\\\/inochallenge-2026-defi-molkky\\\/#primaryimage\"},\"image\":{\"@id\":\"https:\\\/\\\/www.inovallee.com\\\/inochallenge-2026-defi-molkky\\\/#primaryimage\"},\"thumbnailUrl\":\"https:\\\/\\\/www.inovallee.com\\\/wp-content\\\/uploads\\\/2022\\\/06\\\/IMG_8502-scaled.jpg\",\"datePublished\":\"2023-03-31T13:48:23+00:00\",\"dateModified\":\"2026-03-17T11:07:01+00:00\",\"description\":\"inovall\u00e9e propose \u00e0 ses collaborateurs un challenge inter-entreprises \u00e9co-responsable et in\u00e9dit.\",\"breadcrumb\":{\"@id\":\"https:\\\/\\\/www.inovallee.com\\\/inochallenge-2026-defi-molkky\\\/#breadcrumb\"},\"inLanguage\":\"en-GB\",\"potentialAction\":[{\"@type\":\"ReadAction\",\"target\":[\"https:\\\/\\\/www.inovallee.com\\\/inochallenge-2026-defi-molkky\\\/\"]}]},{\"@type\":\"ImageObject\",\"inLanguage\":\"en-GB\",\"@id\":\"https:\\\/\\\/www.inovallee.com\\\/inochallenge-2026-defi-molkky\\\/#primaryimage\",\"url\":\"https:\\\/\\\/www.inovallee.com\\\/wp-content\\\/uploads\\\/2022\\\/06\\\/IMG_8502-scaled.jpg\",\"contentUrl\":\"https:\\\/\\\/www.inovallee.com\\\/wp-content\\\/uploads\\\/2022\\\/06\\\/IMG_8502-scaled.jpg\"},{\"@type\":\"BreadcrumbList\",\"@id\":\"https:\\\/\\\/www.inovallee.com\\\/inochallenge-2026-defi-molkky\\\/#breadcrumb\",\"itemListElement\":[{\"@type\":\"ListItem\",\"position\":1,\"name\":\"Accueil\",\"item\":\"https:\\\/\\\/www.inovallee.com\\\/\"},{\"@type\":\"ListItem\",\"position\":2,\"name\":\"ino&rsquo;Challenge 2026 : d\u00e9fi MOLKKY\"}]},{\"@type\":\"WebSite\",\"@id\":\"https:\\\/\\\/www.inovallee.com\\\/#website\",\"url\":\"https:\\\/\\\/www.inovallee.com\\\/\",\"name\":\"inovall\u00e9e technopole, Home to software & smart technologies\",\"description\":\"Home to software &amp; smart technologies\",\"publisher\":{\"@id\":\"https:\\\/\\\/www.inovallee.com\\\/#organization\"},\"potentialAction\":[{\"@type\":\"SearchAction\",\"target\":{\"@type\":\"EntryPoint\",\"urlTemplate\":\"https:\\\/\\\/www.inovallee.com\\\/?s={search_term_string}\"},\"query-input\":{\"@type\":\"PropertyValueSpecification\",\"valueRequired\":true,\"valueName\":\"search_term_string\"}}],\"inLanguage\":\"en-GB\"},{\"@type\":\"Organization\",\"@id\":\"https:\\\/\\\/www.inovallee.com\\\/#organization\",\"name\":\"inovall\u00e9e\",\"url\":\"https:\\\/\\\/www.inovallee.com\\\/\",\"logo\":{\"@type\":\"ImageObject\",\"inLanguage\":\"en-GB\",\"@id\":\"https:\\\/\\\/www.inovallee.com\\\/#\\\/schema\\\/logo\\\/image\\\/\",\"url\":\"https:\\\/\\\/www.inovallee.com\\\/wp-content\\\/uploads\\\/2023\\\/08\\\/inovallee_2022_GrenobleAlpes.png\",\"contentUrl\":\"https:\\\/\\\/www.inovallee.com\\\/wp-content\\\/uploads\\\/2023\\\/08\\\/inovallee_2022_GrenobleAlpes.png\",\"width\":945,\"height\":369,\"caption\":\"inovall\u00e9e\"},\"image\":{\"@id\":\"https:\\\/\\\/www.inovallee.com\\\/#\\\/schema\\\/logo\\\/image\\\/\"},\"sameAs\":[\"https:\\\/\\\/www.facebook.com\\\/technopoleinovallee\\\/\",\"https:\\\/\\\/x.com\\\/inovallee\",\"https:\\\/\\\/www.linkedin.com\\\/company\\\/inovall-e\\\/\",\"https:\\\/\\\/www.youtube.com\\\/user\\\/inovallee?reload=9\"]}]}<\/script>\n<!-- \/ Yoast SEO plugin. -->","yoast_head_json":{"title":"ino'Challenge 2026 : d\u00e9fi MOLKKY - inovall\u00e9e, technopole de l'innovation","description":"inovall\u00e9e propose \u00e0 ses collaborateurs un challenge inter-entreprises \u00e9co-responsable et in\u00e9dit.","robots":{"index":"index","follow":"follow","max-snippet":"max-snippet:-1","max-image-preview":"max-image-preview:large","max-video-preview":"max-video-preview:-1"},"canonical":"https:\/\/www.inovallee.com\/en\/inochallenge-2026-defi-molkky\/","og_locale":"en_GB","og_type":"article","og_title":"ino'Challenge 2026 : d\u00e9fi MOLKKY - inovall\u00e9e, technopole de l'innovation","og_description":"inovall\u00e9e propose \u00e0 ses collaborateurs un challenge inter-entreprises \u00e9co-responsable et in\u00e9dit.","og_url":"https:\/\/www.inovallee.com\/en\/inochallenge-2026-defi-molkky\/","og_site_name":"inovall\u00e9e","article_publisher":"https:\/\/www.facebook.com\/technopoleinovallee\/","article_modified_time":"2026-03-17T11:07:01+00:00","og_image":[{"width":2048,"height":1365,"url":"https:\/\/www.inovallee.com\/wp-content\/uploads\/2022\/06\/IMG_8502-scaled.jpg","type":"image\/jpeg"}],"twitter_card":"summary_large_image","twitter_site":"@inovallee","twitter_misc":{"Estimated reading time":"3 minutes"},"schema":{"@context":"https:\/\/schema.org","@graph":[{"@type":"WebPage","@id":"https:\/\/www.inovallee.com\/inochallenge-2026-defi-molkky\/","url":"https:\/\/www.inovallee.com\/inochallenge-2026-defi-molkky\/","name":"ino'Challenge 2026 : d\u00e9fi MOLKKY - inovall\u00e9e, technopole de l'innovation","isPartOf":{"@id":"https:\/\/www.inovallee.com\/#website"},"primaryImageOfPage":{"@id":"https:\/\/www.inovallee.com\/inochallenge-2026-defi-molkky\/#primaryimage"},"image":{"@id":"https:\/\/www.inovallee.com\/inochallenge-2026-defi-molkky\/#primaryimage"},"thumbnailUrl":"https:\/\/www.inovallee.com\/wp-content\/uploads\/2022\/06\/IMG_8502-scaled.jpg","datePublished":"2023-03-31T13:48:23+00:00","dateModified":"2026-03-17T11:07:01+00:00","description":"inovall\u00e9e propose \u00e0 ses collaborateurs un challenge inter-entreprises \u00e9co-responsable et in\u00e9dit.","breadcrumb":{"@id":"https:\/\/www.inovallee.com\/inochallenge-2026-defi-molkky\/#breadcrumb"},"inLanguage":"en-GB","potentialAction":[{"@type":"ReadAction","target":["https:\/\/www.inovallee.com\/inochallenge-2026-defi-molkky\/"]}]},{"@type":"ImageObject","inLanguage":"en-GB","@id":"https:\/\/www.inovallee.com\/inochallenge-2026-defi-molkky\/#primaryimage","url":"https:\/\/www.inovallee.com\/wp-content\/uploads\/2022\/06\/IMG_8502-scaled.jpg","contentUrl":"https:\/\/www.inovallee.com\/wp-content\/uploads\/2022\/06\/IMG_8502-scaled.jpg"},{"@type":"BreadcrumbList","@id":"https:\/\/www.inovallee.com\/inochallenge-2026-defi-molkky\/#breadcrumb","itemListElement":[{"@type":"ListItem","position":1,"name":"Accueil","item":"https:\/\/www.inovallee.com\/"},{"@type":"ListItem","position":2,"name":"ino&rsquo;Challenge 2026 : d\u00e9fi MOLKKY"}]},{"@type":"WebSite","@id":"https:\/\/www.inovallee.com\/#website","url":"https:\/\/www.inovallee.com\/","name":"inovall\u00e9e technopole, Home to software & smart technologies","description":"Home to software &amp; smart technologies","publisher":{"@id":"https:\/\/www.inovallee.com\/#organization"},"potentialAction":[{"@type":"SearchAction","target":{"@type":"EntryPoint","urlTemplate":"https:\/\/www.inovallee.com\/?s={search_term_string}"},"query-input":{"@type":"PropertyValueSpecification","valueRequired":true,"valueName":"search_term_string"}}],"inLanguage":"en-GB"},{"@type":"Organization","@id":"https:\/\/www.inovallee.com\/#organization","name":"inovall\u00e9e","url":"https:\/\/www.inovallee.com\/","logo":{"@type":"ImageObject","inLanguage":"en-GB","@id":"https:\/\/www.inovallee.com\/#\/schema\/logo\/image\/","url":"https:\/\/www.inovallee.com\/wp-content\/uploads\/2023\/08\/inovallee_2022_GrenobleAlpes.png","contentUrl":"https:\/\/www.inovallee.com\/wp-content\/uploads\/2023\/08\/inovallee_2022_GrenobleAlpes.png","width":945,"height":369,"caption":"inovall\u00e9e"},"image":{"@id":"https:\/\/www.inovallee.com\/#\/schema\/logo\/image\/"},"sameAs":["https:\/\/www.facebook.com\/technopoleinovallee\/","https:\/\/x.com\/inovallee","https:\/\/www.linkedin.com\/company\/inovall-e\/","https:\/\/www.youtube.com\/user\/inovallee?reload=9"]}]}},"_links":{"self":[{"href":"http:\/\/www.inovallee.com\/en\/wp-json\/wp\/v2\/pages\/46068","targetHints":{"allow":["GET"]}}],"collection":[{"href":"http:\/\/www.inovallee.com\/en\/wp-json\/wp\/v2\/pages"}],"about":[{"href":"http:\/\/www.inovallee.com\/en\/wp-json\/wp\/v2\/types\/page"}],"author":[{"embeddable":true,"href":"http:\/\/www.inovallee.com\/en\/wp-json\/wp\/v2\/users\/11"}],"replies":[{"embeddable":true,"href":"http:\/\/www.inovallee.com\/en\/wp-json\/wp\/v2\/comments?post=46068"}],"version-history":[{"count":41,"href":"http:\/\/www.inovallee.com\/en\/wp-json\/wp\/v2\/pages\/46068\/revisions"}],"predecessor-version":[{"id":63284,"href":"http:\/\/www.inovallee.com\/en\/wp-json\/wp\/v2\/pages\/46068\/revisions\/63284"}],"wp:attachment":[{"href":"http:\/\/www.inovallee.com\/en\/wp-json\/wp\/v2\/media?parent=46068"}],"curies":[{"name":"wp","href":"https:\/\/api.w.org\/{rel}","templated":true}]}}