{"id":44155,"date":"2022-09-13T09:49:46","date_gmt":"2022-09-13T07:49:46","guid":{"rendered":"https:\/\/www.inovallee.com\/resumes\/"},"modified":"2022-09-13T11:16:14","modified_gmt":"2022-09-13T09:16:14","slug":"deposer-votre-cv","status":"publish","type":"page","link":"https:\/\/www.inovallee.com\/en\/deposer-votre-cv\/","title":{"rendered":"Deposer votre CV"},"content":{"rendered":"\t\t<div data-elementor-type=\"wp-page\" data-elementor-id=\"44155\" class=\"elementor elementor-44155\" data-elementor-post-type=\"page\">\n\t\t\t\t\t\t<section class=\"elementor-section elementor-top-section elementor-element elementor-element-39bb433c elementor-section-boxed elementor-section-height-default elementor-section-height-default\" data-id=\"39bb433c\" data-element_type=\"section\" data-e-type=\"section\">\n\t\t\t\t\t\t<div class=\"elementor-container elementor-column-gap-default\">\n\t\t\t\t\t<div class=\"elementor-column elementor-col-100 elementor-top-column elementor-element elementor-element-6d70f233\" data-id=\"6d70f233\" data-element_type=\"column\" data-e-type=\"column\">\n\t\t\t<div class=\"elementor-widget-wrap elementor-element-populated\">\n\t\t\t\t\t\t<div class=\"elementor-element elementor-element-4b1c6280 elementor-widget elementor-widget-shortcode\" data-id=\"4b1c6280\" data-element_type=\"widget\" data-e-type=\"widget\" data-widget_type=\"shortcode.default\">\n\t\t\t\t<div class=\"elementor-widget-container\">\n\t\t\t\t\t\t\t<div class=\"elementor-shortcode\">[submit_resume_form]<\/div>\n\t\t\t\t\t\t<\/div>\n\t\t\t\t<\/div>\n\t\t\t\t\t<\/div>\n\t\t<\/div>\n\t\t\t\t\t<\/div>\n\t\t<\/section>\n\t\t\t\t<\/div>\n\t\t","protected":false},"excerpt":{"rendered":"<p>[submit_resume_form]<\/p>\n","protected":false},"author":1,"featured_media":0,"parent":0,"menu_order":0,"comment_status":"closed","ping_status":"closed","template":"","meta":{"footnotes":""},"class_list":["post-44155","page","type-page","status-publish","hentry"],"yoast_head":"<!-- This site is optimized with the Yoast SEO plugin v27.2 - https:\/\/yoast.com\/product\/yoast-seo-wordpress\/ -->\n<title>Deposer votre CV - inovall\u00e9e<\/title>\n<meta name=\"description\" content=\"Vous recherchez un emploi, d\u00e9posez votre CV sur le site d&#039;inovall\u00e9e.\" \/>\n<meta name=\"robots\" content=\"index, follow, max-snippet:-1, max-image-preview:large, max-video-preview:-1\" \/>\n<link rel=\"canonical\" href=\"https:\/\/www.inovallee.com\/en\/deposer-votre-cv\/\" \/>\n<meta property=\"og:locale\" content=\"en_GB\" \/>\n<meta property=\"og:type\" content=\"article\" \/>\n<meta property=\"og:title\" content=\"Deposer votre CV - inovall\u00e9e\" \/>\n<meta property=\"og:description\" content=\"Vous recherchez un emploi, d\u00e9posez votre CV sur le site d&#039;inovall\u00e9e.\" \/>\n<meta property=\"og:url\" content=\"https:\/\/www.inovallee.com\/en\/deposer-votre-cv\/\" \/>\n<meta property=\"og:site_name\" content=\"inovall\u00e9e\" \/>\n<meta property=\"article:publisher\" content=\"https:\/\/www.facebook.com\/technopoleinovallee\/\" \/>\n<meta property=\"article:modified_time\" content=\"2022-09-13T09:16:14+00:00\" \/>\n<meta name=\"twitter:card\" content=\"summary_large_image\" \/>\n<meta name=\"twitter:site\" content=\"@inovallee\" \/>\n<meta name=\"twitter:label1\" content=\"Estimated reading time\" \/>\n\t<meta name=\"twitter:data1\" content=\"1 minute\" \/>\n<script type=\"application\/ld+json\" class=\"yoast-schema-graph\">{\"@context\":\"https:\/\/schema.org\",\"@graph\":[{\"@type\":\"WebPage\",\"@id\":\"https:\/\/www.inovallee.com\/deposer-votre-cv\/\",\"url\":\"https:\/\/www.inovallee.com\/deposer-votre-cv\/\",\"name\":\"Deposer votre CV - inovall\u00e9e\",\"isPartOf\":{\"@id\":\"https:\/\/www.inovallee.com\/#website\"},\"datePublished\":\"2022-09-13T07:49:46+00:00\",\"dateModified\":\"2022-09-13T09:16:14+00:00\",\"description\":\"Vous recherchez un emploi, d\u00e9posez votre CV sur le site d'inovall\u00e9e.\",\"breadcrumb\":{\"@id\":\"https:\/\/www.inovallee.com\/deposer-votre-cv\/#breadcrumb\"},\"inLanguage\":\"en-GB\",\"potentialAction\":[{\"@type\":\"ReadAction\",\"target\":[\"https:\/\/www.inovallee.com\/deposer-votre-cv\/\"]}]},{\"@type\":\"BreadcrumbList\",\"@id\":\"https:\/\/www.inovallee.com\/deposer-votre-cv\/#breadcrumb\",\"itemListElement\":[{\"@type\":\"ListItem\",\"position\":1,\"name\":\"Accueil\",\"item\":\"https:\/\/www.inovallee.com\/\"},{\"@type\":\"ListItem\",\"position\":2,\"name\":\"Deposer votre CV\"}]},{\"@type\":\"WebSite\",\"@id\":\"https:\/\/www.inovallee.com\/#website\",\"url\":\"https:\/\/www.inovallee.com\/\",\"name\":\"inovall\u00e9e technopole, Home to software & smart technologies\",\"description\":\"Home to software &amp; smart technologies\",\"publisher\":{\"@id\":\"https:\/\/www.inovallee.com\/#organization\"},\"potentialAction\":[{\"@type\":\"SearchAction\",\"target\":{\"@type\":\"EntryPoint\",\"urlTemplate\":\"https:\/\/www.inovallee.com\/?s={search_term_string}\"},\"query-input\":{\"@type\":\"PropertyValueSpecification\",\"valueRequired\":true,\"valueName\":\"search_term_string\"}}],\"inLanguage\":\"en-GB\"},{\"@type\":\"Organization\",\"@id\":\"https:\/\/www.inovallee.com\/#organization\",\"name\":\"inovall\u00e9e\",\"url\":\"https:\/\/www.inovallee.com\/\",\"logo\":{\"@type\":\"ImageObject\",\"inLanguage\":\"en-GB\",\"@id\":\"https:\/\/www.inovallee.com\/#\/schema\/logo\/image\/\",\"url\":\"https:\/\/www.inovallee.com\/wp-content\/uploads\/2023\/08\/inovallee_2022_GrenobleAlpes.png\",\"contentUrl\":\"https:\/\/www.inovallee.com\/wp-content\/uploads\/2023\/08\/inovallee_2022_GrenobleAlpes.png\",\"width\":945,\"height\":369,\"caption\":\"inovall\u00e9e\"},\"image\":{\"@id\":\"https:\/\/www.inovallee.com\/#\/schema\/logo\/image\/\"},\"sameAs\":[\"https:\/\/www.facebook.com\/technopoleinovallee\/\",\"https:\/\/x.com\/inovallee\",\"https:\/\/www.linkedin.com\/company\/inovall-e\/\",\"https:\/\/www.youtube.com\/user\/inovallee?reload=9\"]}]}<\/script>\n<!-- \/ Yoast SEO plugin. -->","yoast_head_json":{"title":"Deposer votre CV - inovall\u00e9e","description":"Vous recherchez un emploi, d\u00e9posez votre CV sur le site d'inovall\u00e9e.","robots":{"index":"index","follow":"follow","max-snippet":"max-snippet:-1","max-image-preview":"max-image-preview:large","max-video-preview":"max-video-preview:-1"},"canonical":"https:\/\/www.inovallee.com\/en\/deposer-votre-cv\/","og_locale":"en_GB","og_type":"article","og_title":"Deposer votre CV - inovall\u00e9e","og_description":"Vous recherchez un emploi, d\u00e9posez votre CV sur le site d'inovall\u00e9e.","og_url":"https:\/\/www.inovallee.com\/en\/deposer-votre-cv\/","og_site_name":"inovall\u00e9e","article_publisher":"https:\/\/www.facebook.com\/technopoleinovallee\/","article_modified_time":"2022-09-13T09:16:14+00:00","twitter_card":"summary_large_image","twitter_site":"@inovallee","twitter_misc":{"Estimated reading time":"1 minute"},"schema":{"@context":"https:\/\/schema.org","@graph":[{"@type":"WebPage","@id":"https:\/\/www.inovallee.com\/deposer-votre-cv\/","url":"https:\/\/www.inovallee.com\/deposer-votre-cv\/","name":"Deposer votre CV - inovall\u00e9e","isPartOf":{"@id":"https:\/\/www.inovallee.com\/#website"},"datePublished":"2022-09-13T07:49:46+00:00","dateModified":"2022-09-13T09:16:14+00:00","description":"Vous recherchez un emploi, d\u00e9posez votre CV sur le site d'inovall\u00e9e.","breadcrumb":{"@id":"https:\/\/www.inovallee.com\/deposer-votre-cv\/#breadcrumb"},"inLanguage":"en-GB","potentialAction":[{"@type":"ReadAction","target":["https:\/\/www.inovallee.com\/deposer-votre-cv\/"]}]},{"@type":"BreadcrumbList","@id":"https:\/\/www.inovallee.com\/deposer-votre-cv\/#breadcrumb","itemListElement":[{"@type":"ListItem","position":1,"name":"Accueil","item":"https:\/\/www.inovallee.com\/"},{"@type":"ListItem","position":2,"name":"Deposer votre CV"}]},{"@type":"WebSite","@id":"https:\/\/www.inovallee.com\/#website","url":"https:\/\/www.inovallee.com\/","name":"inovall\u00e9e technopole, Home to software & smart technologies","description":"Home to software &amp; smart technologies","publisher":{"@id":"https:\/\/www.inovallee.com\/#organization"},"potentialAction":[{"@type":"SearchAction","target":{"@type":"EntryPoint","urlTemplate":"https:\/\/www.inovallee.com\/?s={search_term_string}"},"query-input":{"@type":"PropertyValueSpecification","valueRequired":true,"valueName":"search_term_string"}}],"inLanguage":"en-GB"},{"@type":"Organization","@id":"https:\/\/www.inovallee.com\/#organization","name":"inovall\u00e9e","url":"https:\/\/www.inovallee.com\/","logo":{"@type":"ImageObject","inLanguage":"en-GB","@id":"https:\/\/www.inovallee.com\/#\/schema\/logo\/image\/","url":"https:\/\/www.inovallee.com\/wp-content\/uploads\/2023\/08\/inovallee_2022_GrenobleAlpes.png","contentUrl":"https:\/\/www.inovallee.com\/wp-content\/uploads\/2023\/08\/inovallee_2022_GrenobleAlpes.png","width":945,"height":369,"caption":"inovall\u00e9e"},"image":{"@id":"https:\/\/www.inovallee.com\/#\/schema\/logo\/image\/"},"sameAs":["https:\/\/www.facebook.com\/technopoleinovallee\/","https:\/\/x.com\/inovallee","https:\/\/www.linkedin.com\/company\/inovall-e\/","https:\/\/www.youtube.com\/user\/inovallee?reload=9"]}]}},"_links":{"self":[{"href":"https:\/\/www.inovallee.com\/en\/wp-json\/wp\/v2\/pages\/44155","targetHints":{"allow":["GET"]}}],"collection":[{"href":"https:\/\/www.inovallee.com\/en\/wp-json\/wp\/v2\/pages"}],"about":[{"href":"https:\/\/www.inovallee.com\/en\/wp-json\/wp\/v2\/types\/page"}],"author":[{"embeddable":true,"href":"https:\/\/www.inovallee.com\/en\/wp-json\/wp\/v2\/users\/1"}],"replies":[{"embeddable":true,"href":"https:\/\/www.inovallee.com\/en\/wp-json\/wp\/v2\/comments?post=44155"}],"version-history":[{"count":0,"href":"https:\/\/www.inovallee.com\/en\/wp-json\/wp\/v2\/pages\/44155\/revisions"}],"wp:attachment":[{"href":"https:\/\/www.inovallee.com\/en\/wp-json\/wp\/v2\/media?parent=44155"}],"curies":[{"name":"wp","href":"https:\/\/api.w.org\/{rel}","templated":true}]}}