{"id":44363,"date":"2022-09-21T09:47:14","date_gmt":"2022-09-21T07:47:14","guid":{"rendered":"https:\/\/www.inovallee.com\/?page_id=44363"},"modified":"2022-09-21T09:47:15","modified_gmt":"2022-09-21T07:47:15","slug":"inscription-liste-dattente-soiree-de-gala-50-ans-dinovallee","status":"publish","type":"page","link":"https:\/\/www.inovallee.com\/en\/inscription-liste-dattente-soiree-de-gala-50-ans-dinovallee\/","title":{"rendered":"Inscription liste d&rsquo;attente &#8211; soir\u00e9e de gala 50 ans d&rsquo;inovall\u00e9e"},"content":{"rendered":"<figure class=\"wp-block-image size-large\"><img fetchpriority=\"high\" decoding=\"async\" width=\"1024\" height=\"597\" src=\"https:\/\/www.inovallee.com\/wp-content\/uploads\/2022\/09\/bandeau_assoconnect-test-2-1024x597.png\" alt=\"\" class=\"wp-image-44365\" srcset=\"https:\/\/www.inovallee.com\/wp-content\/uploads\/2022\/09\/bandeau_assoconnect-test-2-1024x597.png 1024w, https:\/\/www.inovallee.com\/wp-content\/uploads\/2022\/09\/bandeau_assoconnect-test-2-300x175.png 300w, https:\/\/www.inovallee.com\/wp-content\/uploads\/2022\/09\/bandeau_assoconnect-test-2-768x448.png 768w, https:\/\/www.inovallee.com\/wp-content\/uploads\/2022\/09\/bandeau_assoconnect-test-2.png 1200w\" sizes=\"(max-width: 1024px) 100vw, 1024px\" \/><\/figure>","protected":false},"excerpt":{"rendered":"","protected":false},"author":4,"featured_media":0,"parent":0,"menu_order":0,"comment_status":"closed","ping_status":"closed","template":"","meta":{"footnotes":""},"class_list":["post-44363","page","type-page","status-publish","hentry"],"yoast_head":"<!-- This site is optimized with the Yoast SEO plugin v27.4 - https:\/\/yoast.com\/product\/yoast-seo-wordpress\/ -->\n<title>Inscription liste d&#039;attente - soir\u00e9e de gala 50 ans d&#039;inovall\u00e9e - inovall\u00e9e<\/title>\n<meta name=\"robots\" content=\"index, follow, max-snippet:-1, max-image-preview:large, max-video-preview:-1\" \/>\n<link rel=\"canonical\" href=\"https:\/\/www.inovallee.com\/en\/inscription-liste-dattente-soiree-de-gala-50-ans-dinovallee\/\" \/>\n<meta property=\"og:locale\" content=\"en_GB\" \/>\n<meta property=\"og:type\" content=\"article\" \/>\n<meta property=\"og:title\" content=\"Inscription liste d&#039;attente - soir\u00e9e de gala 50 ans d&#039;inovall\u00e9e - inovall\u00e9e\" \/>\n<meta property=\"og:url\" content=\"https:\/\/www.inovallee.com\/en\/inscription-liste-dattente-soiree-de-gala-50-ans-dinovallee\/\" \/>\n<meta property=\"og:site_name\" content=\"inovall\u00e9e\" \/>\n<meta property=\"article:publisher\" content=\"https:\/\/www.facebook.com\/technopoleinovallee\/\" \/>\n<meta property=\"article:modified_time\" content=\"2022-09-21T07:47:15+00:00\" \/>\n<meta property=\"og:image\" content=\"https:\/\/www.inovallee.com\/wp-content\/uploads\/2022\/09\/bandeau_assoconnect-test-2-1024x597.png\" \/>\n<meta name=\"twitter:card\" content=\"summary_large_image\" \/>\n<meta name=\"twitter:site\" content=\"@inovallee\" \/>\n<meta name=\"twitter:label1\" content=\"Estimated reading time\" \/>\n\t<meta name=\"twitter:data1\" content=\"1 minute\" \/>\n<script type=\"application\/ld+json\" class=\"yoast-schema-graph\">{\"@context\":\"https:\\\/\\\/schema.org\",\"@graph\":[{\"@type\":\"WebPage\",\"@id\":\"https:\\\/\\\/www.inovallee.com\\\/inscription-liste-dattente-soiree-de-gala-50-ans-dinovallee\\\/\",\"url\":\"https:\\\/\\\/www.inovallee.com\\\/inscription-liste-dattente-soiree-de-gala-50-ans-dinovallee\\\/\",\"name\":\"Inscription liste d'attente - soir\u00e9e de gala 50 ans d'inovall\u00e9e - inovall\u00e9e\",\"isPartOf\":{\"@id\":\"https:\\\/\\\/www.inovallee.com\\\/#website\"},\"primaryImageOfPage\":{\"@id\":\"https:\\\/\\\/www.inovallee.com\\\/inscription-liste-dattente-soiree-de-gala-50-ans-dinovallee\\\/#primaryimage\"},\"image\":{\"@id\":\"https:\\\/\\\/www.inovallee.com\\\/inscription-liste-dattente-soiree-de-gala-50-ans-dinovallee\\\/#primaryimage\"},\"thumbnailUrl\":\"https:\\\/\\\/www.inovallee.com\\\/wp-content\\\/uploads\\\/2022\\\/09\\\/bandeau_assoconnect-test-2-1024x597.png\",\"datePublished\":\"2022-09-21T07:47:14+00:00\",\"dateModified\":\"2022-09-21T07:47:15+00:00\",\"breadcrumb\":{\"@id\":\"https:\\\/\\\/www.inovallee.com\\\/inscription-liste-dattente-soiree-de-gala-50-ans-dinovallee\\\/#breadcrumb\"},\"inLanguage\":\"en-GB\",\"potentialAction\":[{\"@type\":\"ReadAction\",\"target\":[\"https:\\\/\\\/www.inovallee.com\\\/inscription-liste-dattente-soiree-de-gala-50-ans-dinovallee\\\/\"]}]},{\"@type\":\"ImageObject\",\"inLanguage\":\"en-GB\",\"@id\":\"https:\\\/\\\/www.inovallee.com\\\/inscription-liste-dattente-soiree-de-gala-50-ans-dinovallee\\\/#primaryimage\",\"url\":\"https:\\\/\\\/www.inovallee.com\\\/wp-content\\\/uploads\\\/2022\\\/09\\\/bandeau_assoconnect-test-2-1024x597.png\",\"contentUrl\":\"https:\\\/\\\/www.inovallee.com\\\/wp-content\\\/uploads\\\/2022\\\/09\\\/bandeau_assoconnect-test-2-1024x597.png\"},{\"@type\":\"BreadcrumbList\",\"@id\":\"https:\\\/\\\/www.inovallee.com\\\/inscription-liste-dattente-soiree-de-gala-50-ans-dinovallee\\\/#breadcrumb\",\"itemListElement\":[{\"@type\":\"ListItem\",\"position\":1,\"name\":\"Accueil\",\"item\":\"https:\\\/\\\/www.inovallee.com\\\/\"},{\"@type\":\"ListItem\",\"position\":2,\"name\":\"Inscription liste d&rsquo;attente &#8211; soir\u00e9e de gala 50 ans d&rsquo;inovall\u00e9e\"}]},{\"@type\":\"WebSite\",\"@id\":\"https:\\\/\\\/www.inovallee.com\\\/#website\",\"url\":\"https:\\\/\\\/www.inovallee.com\\\/\",\"name\":\"inovall\u00e9e technopole, Home to software & smart technologies\",\"description\":\"Home to software &amp; smart technologies\",\"publisher\":{\"@id\":\"https:\\\/\\\/www.inovallee.com\\\/#organization\"},\"potentialAction\":[{\"@type\":\"SearchAction\",\"target\":{\"@type\":\"EntryPoint\",\"urlTemplate\":\"https:\\\/\\\/www.inovallee.com\\\/?s={search_term_string}\"},\"query-input\":{\"@type\":\"PropertyValueSpecification\",\"valueRequired\":true,\"valueName\":\"search_term_string\"}}],\"inLanguage\":\"en-GB\"},{\"@type\":\"Organization\",\"@id\":\"https:\\\/\\\/www.inovallee.com\\\/#organization\",\"name\":\"inovall\u00e9e\",\"url\":\"https:\\\/\\\/www.inovallee.com\\\/\",\"logo\":{\"@type\":\"ImageObject\",\"inLanguage\":\"en-GB\",\"@id\":\"https:\\\/\\\/www.inovallee.com\\\/#\\\/schema\\\/logo\\\/image\\\/\",\"url\":\"https:\\\/\\\/www.inovallee.com\\\/wp-content\\\/uploads\\\/2023\\\/08\\\/inovallee_2022_GrenobleAlpes.png\",\"contentUrl\":\"https:\\\/\\\/www.inovallee.com\\\/wp-content\\\/uploads\\\/2023\\\/08\\\/inovallee_2022_GrenobleAlpes.png\",\"width\":945,\"height\":369,\"caption\":\"inovall\u00e9e\"},\"image\":{\"@id\":\"https:\\\/\\\/www.inovallee.com\\\/#\\\/schema\\\/logo\\\/image\\\/\"},\"sameAs\":[\"https:\\\/\\\/www.facebook.com\\\/technopoleinovallee\\\/\",\"https:\\\/\\\/x.com\\\/inovallee\",\"https:\\\/\\\/www.linkedin.com\\\/company\\\/inovall-e\\\/\",\"https:\\\/\\\/www.youtube.com\\\/user\\\/inovallee?reload=9\"]}]}<\/script>\n<!-- \/ Yoast SEO plugin. -->","yoast_head_json":{"title":"Inscription liste d'attente - soir\u00e9e de gala 50 ans d'inovall\u00e9e - inovall\u00e9e","robots":{"index":"index","follow":"follow","max-snippet":"max-snippet:-1","max-image-preview":"max-image-preview:large","max-video-preview":"max-video-preview:-1"},"canonical":"https:\/\/www.inovallee.com\/en\/inscription-liste-dattente-soiree-de-gala-50-ans-dinovallee\/","og_locale":"en_GB","og_type":"article","og_title":"Inscription liste d'attente - soir\u00e9e de gala 50 ans d'inovall\u00e9e - inovall\u00e9e","og_url":"https:\/\/www.inovallee.com\/en\/inscription-liste-dattente-soiree-de-gala-50-ans-dinovallee\/","og_site_name":"inovall\u00e9e","article_publisher":"https:\/\/www.facebook.com\/technopoleinovallee\/","article_modified_time":"2022-09-21T07:47:15+00:00","og_image":[{"url":"https:\/\/www.inovallee.com\/wp-content\/uploads\/2022\/09\/bandeau_assoconnect-test-2-1024x597.png","type":"","width":"","height":""}],"twitter_card":"summary_large_image","twitter_site":"@inovallee","twitter_misc":{"Estimated reading time":"1 minute"},"schema":{"@context":"https:\/\/schema.org","@graph":[{"@type":"WebPage","@id":"https:\/\/www.inovallee.com\/inscription-liste-dattente-soiree-de-gala-50-ans-dinovallee\/","url":"https:\/\/www.inovallee.com\/inscription-liste-dattente-soiree-de-gala-50-ans-dinovallee\/","name":"Inscription liste d'attente - soir\u00e9e de gala 50 ans d'inovall\u00e9e - inovall\u00e9e","isPartOf":{"@id":"https:\/\/www.inovallee.com\/#website"},"primaryImageOfPage":{"@id":"https:\/\/www.inovallee.com\/inscription-liste-dattente-soiree-de-gala-50-ans-dinovallee\/#primaryimage"},"image":{"@id":"https:\/\/www.inovallee.com\/inscription-liste-dattente-soiree-de-gala-50-ans-dinovallee\/#primaryimage"},"thumbnailUrl":"https:\/\/www.inovallee.com\/wp-content\/uploads\/2022\/09\/bandeau_assoconnect-test-2-1024x597.png","datePublished":"2022-09-21T07:47:14+00:00","dateModified":"2022-09-21T07:47:15+00:00","breadcrumb":{"@id":"https:\/\/www.inovallee.com\/inscription-liste-dattente-soiree-de-gala-50-ans-dinovallee\/#breadcrumb"},"inLanguage":"en-GB","potentialAction":[{"@type":"ReadAction","target":["https:\/\/www.inovallee.com\/inscription-liste-dattente-soiree-de-gala-50-ans-dinovallee\/"]}]},{"@type":"ImageObject","inLanguage":"en-GB","@id":"https:\/\/www.inovallee.com\/inscription-liste-dattente-soiree-de-gala-50-ans-dinovallee\/#primaryimage","url":"https:\/\/www.inovallee.com\/wp-content\/uploads\/2022\/09\/bandeau_assoconnect-test-2-1024x597.png","contentUrl":"https:\/\/www.inovallee.com\/wp-content\/uploads\/2022\/09\/bandeau_assoconnect-test-2-1024x597.png"},{"@type":"BreadcrumbList","@id":"https:\/\/www.inovallee.com\/inscription-liste-dattente-soiree-de-gala-50-ans-dinovallee\/#breadcrumb","itemListElement":[{"@type":"ListItem","position":1,"name":"Accueil","item":"https:\/\/www.inovallee.com\/"},{"@type":"ListItem","position":2,"name":"Inscription liste d&rsquo;attente &#8211; soir\u00e9e de gala 50 ans d&rsquo;inovall\u00e9e"}]},{"@type":"WebSite","@id":"https:\/\/www.inovallee.com\/#website","url":"https:\/\/www.inovallee.com\/","name":"inovall\u00e9e technopole, Home to software & smart technologies","description":"Home to software &amp; smart technologies","publisher":{"@id":"https:\/\/www.inovallee.com\/#organization"},"potentialAction":[{"@type":"SearchAction","target":{"@type":"EntryPoint","urlTemplate":"https:\/\/www.inovallee.com\/?s={search_term_string}"},"query-input":{"@type":"PropertyValueSpecification","valueRequired":true,"valueName":"search_term_string"}}],"inLanguage":"en-GB"},{"@type":"Organization","@id":"https:\/\/www.inovallee.com\/#organization","name":"inovall\u00e9e","url":"https:\/\/www.inovallee.com\/","logo":{"@type":"ImageObject","inLanguage":"en-GB","@id":"https:\/\/www.inovallee.com\/#\/schema\/logo\/image\/","url":"https:\/\/www.inovallee.com\/wp-content\/uploads\/2023\/08\/inovallee_2022_GrenobleAlpes.png","contentUrl":"https:\/\/www.inovallee.com\/wp-content\/uploads\/2023\/08\/inovallee_2022_GrenobleAlpes.png","width":945,"height":369,"caption":"inovall\u00e9e"},"image":{"@id":"https:\/\/www.inovallee.com\/#\/schema\/logo\/image\/"},"sameAs":["https:\/\/www.facebook.com\/technopoleinovallee\/","https:\/\/x.com\/inovallee","https:\/\/www.linkedin.com\/company\/inovall-e\/","https:\/\/www.youtube.com\/user\/inovallee?reload=9"]}]}},"_links":{"self":[{"href":"https:\/\/www.inovallee.com\/en\/wp-json\/wp\/v2\/pages\/44363","targetHints":{"allow":["GET"]}}],"collection":[{"href":"https:\/\/www.inovallee.com\/en\/wp-json\/wp\/v2\/pages"}],"about":[{"href":"https:\/\/www.inovallee.com\/en\/wp-json\/wp\/v2\/types\/page"}],"author":[{"embeddable":true,"href":"https:\/\/www.inovallee.com\/en\/wp-json\/wp\/v2\/users\/4"}],"replies":[{"embeddable":true,"href":"https:\/\/www.inovallee.com\/en\/wp-json\/wp\/v2\/comments?post=44363"}],"version-history":[{"count":0,"href":"https:\/\/www.inovallee.com\/en\/wp-json\/wp\/v2\/pages\/44363\/revisions"}],"wp:attachment":[{"href":"https:\/\/www.inovallee.com\/en\/wp-json\/wp\/v2\/media?parent=44363"}],"curies":[{"name":"wp","href":"https:\/\/api.w.org\/{rel}","templated":true}]}}