{"id":46015,"date":"2023-03-31T12:56:28","date_gmt":"2023-03-31T10:56:28","guid":{"rendered":"https:\/\/www.inovallee.com\/?page_id=46015"},"modified":"2026-03-11T11:04:37","modified_gmt":"2026-03-11T10:04:37","slug":"inochallenge-2026-defi-inowarrior","status":"publish","type":"page","link":"https:\/\/www.inovallee.com\/en\/inochallenge-2026-defi-inowarrior\/","title":{"rendered":"ino&rsquo;Challenge 2026 : d\u00e9fi INO&rsquo;WARRIOR"},"content":{"rendered":"\t\t<div data-elementor-type=\"wp-page\" data-elementor-id=\"46015\" class=\"elementor elementor-46015\" data-elementor-post-type=\"page\">\n\t\t\t\t\t\t<section class=\"elementor-section elementor-top-section elementor-element elementor-element-c1cadc0 elementor-section-height-min-height elementor-section-items-stretch elementor-section-boxed elementor-section-height-default\" data-id=\"c1cadc0\" data-element_type=\"section\" data-e-type=\"section\" data-settings=\"{&quot;background_background&quot;:&quot;slideshow&quot;,&quot;background_slideshow_gallery&quot;:[{&quot;id&quot;:62677,&quot;url&quot;:&quot;https:\\\/\\\/www.inovallee.com\\\/wp-content\\\/uploads\\\/2026\\\/02\\\/Bandeau_Site_inochallenge-2026.png&quot;}],&quot;background_slideshow_loop&quot;:&quot;yes&quot;,&quot;background_slideshow_slide_duration&quot;:5000,&quot;background_slideshow_slide_transition&quot;:&quot;fade&quot;,&quot;background_slideshow_transition_duration&quot;:500}\">\n\t\t\t\t\t\t\t<div class=\"elementor-background-overlay\"><\/div>\n\t\t\t\t\t\t\t<div class=\"elementor-container elementor-column-gap-default\">\n\t\t\t\t\t<div class=\"elementor-column elementor-col-100 elementor-top-column elementor-element elementor-element-1744112\" data-id=\"1744112\" data-element_type=\"column\" data-e-type=\"column\">\n\t\t\t<div class=\"elementor-widget-wrap\">\n\t\t\t\t\t\t\t<\/div>\n\t\t<\/div>\n\t\t\t\t\t<\/div>\n\t\t<\/section>\n\t\t\t\t<section class=\"elementor-section elementor-top-section elementor-element elementor-element-c27b477 elementor-section-boxed elementor-section-height-default elementor-section-height-default\" data-id=\"c27b477\" data-element_type=\"section\" data-e-type=\"section\" data-settings=\"{&quot;background_background&quot;:&quot;classic&quot;}\">\n\t\t\t\t\t\t<div class=\"elementor-container elementor-column-gap-wide\">\n\t\t\t\t\t<div class=\"elementor-column elementor-col-100 elementor-top-column elementor-element elementor-element-24d5903\" data-id=\"24d5903\" data-element_type=\"column\" data-e-type=\"column\">\n\t\t\t<div class=\"elementor-widget-wrap elementor-element-populated\">\n\t\t\t\t\t\t<div class=\"elementor-element elementor-element-a959b73 elementor-widget elementor-widget-spacer\" data-id=\"a959b73\" data-element_type=\"widget\" data-e-type=\"widget\" data-widget_type=\"spacer.default\">\n\t\t\t\t<div class=\"elementor-widget-container\">\n\t\t\t\t\t\t\t<div class=\"elementor-spacer\">\n\t\t\t<div class=\"elementor-spacer-inner\"><\/div>\n\t\t<\/div>\n\t\t\t\t\t\t<\/div>\n\t\t\t\t<\/div>\n\t\t\t\t<div class=\"elementor-element elementor-element-a843017 elementor-widget elementor-widget-heading\" data-id=\"a843017\" data-element_type=\"widget\" data-e-type=\"widget\" data-widget_type=\"heading.default\">\n\t\t\t\t<div class=\"elementor-widget-container\">\n\t\t\t\t\t<h2 class=\"elementor-heading-title elementor-size-default\">INO'WARRIOR<\/h2>\t\t\t\t<\/div>\n\t\t\t\t<\/div>\n\t\t\t\t<div class=\"elementor-element elementor-element-191c520 elementor-widget-divider--view-line elementor-widget elementor-widget-divider\" data-id=\"191c520\" data-element_type=\"widget\" data-e-type=\"widget\" data-widget_type=\"divider.default\">\n\t\t\t\t<div class=\"elementor-widget-container\">\n\t\t\t\t\t\t\t<div class=\"elementor-divider\">\n\t\t\t<span class=\"elementor-divider-separator\">\n\t\t\t\t\t\t<\/span>\n\t\t<\/div>\n\t\t\t\t\t\t<\/div>\n\t\t\t\t<\/div>\n\t\t\t\t\t<\/div>\n\t\t<\/div>\n\t\t\t\t\t<\/div>\n\t\t<\/section>\n\t\t\t\t<section class=\"elementor-section elementor-top-section elementor-element elementor-element-b91ddf2 elementor-section-boxed elementor-section-height-default elementor-section-height-default\" data-id=\"b91ddf2\" data-element_type=\"section\" data-e-type=\"section\">\n\t\t\t\t\t\t<div class=\"elementor-container elementor-column-gap-default\">\n\t\t\t\t\t<div class=\"elementor-column elementor-col-66 elementor-top-column elementor-element elementor-element-72f1ac0\" data-id=\"72f1ac0\" data-element_type=\"column\" data-e-type=\"column\">\n\t\t\t<div class=\"elementor-widget-wrap elementor-element-populated\">\n\t\t\t\t\t\t<div class=\"elementor-element elementor-element-0c68790 elementor-widget elementor-widget-text-editor\" data-id=\"0c68790\" data-element_type=\"widget\" data-e-type=\"widget\" data-widget_type=\"text-editor.default\">\n\t\t\t\t<div class=\"elementor-widget-container\">\n\t\t\t\t\t\t\t\t\t<p><strong>JOUR : Jeudi 4 juin de 12h \u00e0 14h<\/strong><\/p><p><strong>LIEU : Parc \u00eele d&rsquo;amour, chemin de l&rsquo;\u00eele d&rsquo;amour \u00e0 Meylan<br \/><\/strong><\/p><p><strong>EQUIPE DE : 5\u00a0\u00a0<\/strong><\/p><p><strong>NOMBRE D&rsquo;EQUIPES : 24<\/strong><\/p><p><strong>ARBITRAGE : inovall\u00e9e<\/strong><\/p><p><strong>DUREE : Deux sessions d&rsquo;une heure avec 12 \u00e9quipes. <br \/><\/strong><\/p><p><strong>1\u00e8re session \u00e0 12h et 2\u00e8me session \u00e0 13h. <\/strong><\/p><p><strong>MATERIEL : Fourni par inovall\u00e9e<\/strong><\/p><p><!-- [if gte mso 10]><\/p>\n<style>\n \/* Style Definitions *\/<br \/> table.MsoNormalTable<br \/>\t{mso-style-name:\"Tableau Normal\";<br \/>\tmso-tstyle-rowband-size:0;<br \/>\tmso-tstyle-colband-size:0;<br \/>\tmso-style-noshow:yes;<br \/>\tmso-style-priority:99;<br \/>\tmso-style-parent:\"\";<br \/>\tmso-padding-alt:0cm 5.4pt 0cm 5.4pt;<br \/>\tmso-para-margin-top:0cm;<br \/>\tmso-para-margin-right:0cm;<br \/>\tmso-para-margin-bottom:8.0pt;<br \/>\tmso-para-margin-left:0cm;<br \/>\tline-height:107%;<br \/>\tmso-pagination:widow-orphan;<br \/>\tfont-size:11.0pt;<br \/>\tfont-family:\"Calibri\",sans-serif;<br \/>\tmso-ascii-font-family:Calibri;<br \/>\tmso-ascii-theme-font:minor-latin;<br \/>\tmso-hansi-font-family:Calibri;<br \/>\tmso-hansi-theme-font:minor-latin;<br \/>\tmso-bidi-font-family:\"Times New Roman\";<br \/>\tmso-bidi-theme-font:minor-bidi;<br \/>\tmso-fareast-language:EN-US;}<br \/><\/style>\n<p><![endif]--><\/p>\t\t\t\t\t\t\t\t<\/div>\n\t\t\t\t<\/div>\n\t\t\t\t<div class=\"elementor-element elementor-element-246af4f elementor-widget elementor-widget-text-editor\" data-id=\"246af4f\" data-element_type=\"widget\" data-e-type=\"widget\" data-widget_type=\"text-editor.default\">\n\t\t\t\t<div class=\"elementor-widget-container\">\n\t\t\t\t\t\t\t\t\t<h6><strong>Merci de vous pr\u00e9senter 5 min avant l&rsquo;heure du d\u00e9but du d\u00e9fi. <\/strong><\/h6><p><strong><em>Attestation de sant\u00e9<\/em><em>\u00a0obligatoire, \u00e0 fournir quand votre inscription vous sera confirm\u00e9e apr\u00e8s le 15 mai. <\/em><\/strong><\/p>\t\t\t\t\t\t\t\t<\/div>\n\t\t\t\t<\/div>\n\t\t\t\t\t<\/div>\n\t\t<\/div>\n\t\t\t\t<div class=\"elementor-column elementor-col-33 elementor-top-column elementor-element elementor-element-9f03547\" data-id=\"9f03547\" data-element_type=\"column\" data-e-type=\"column\">\n\t\t\t<div class=\"elementor-widget-wrap elementor-element-populated\">\n\t\t\t\t\t\t<div class=\"elementor-element elementor-element-344b44b elementor-widget elementor-widget-image\" data-id=\"344b44b\" data-element_type=\"widget\" data-e-type=\"widget\" data-widget_type=\"image.default\">\n\t\t\t\t<div class=\"elementor-widget-container\">\n\t\t\t\t\t\t\t\t\t\t\t\t\t\t\t<img fetchpriority=\"high\" decoding=\"async\" width=\"800\" height=\"534\" src=\"https:\/\/www.inovallee.com\/wp-content\/uploads\/2025\/04\/DSC00928-1024x683.jpg\" class=\"attachment-large size-large wp-image-58976\" alt=\"\" srcset=\"https:\/\/www.inovallee.com\/wp-content\/uploads\/2025\/04\/DSC00928-1024x683.jpg 1024w, https:\/\/www.inovallee.com\/wp-content\/uploads\/2025\/04\/DSC00928-300x200.jpg 300w, https:\/\/www.inovallee.com\/wp-content\/uploads\/2025\/04\/DSC00928-768x512.jpg 768w, https:\/\/www.inovallee.com\/wp-content\/uploads\/2025\/04\/DSC00928-1536x1024.jpg 1536w, https:\/\/www.inovallee.com\/wp-content\/uploads\/2025\/04\/DSC00928-scaled.jpg 2048w, https:\/\/www.inovallee.com\/wp-content\/uploads\/2025\/04\/DSC00928-18x12.jpg 18w, https:\/\/www.inovallee.com\/wp-content\/uploads\/2025\/04\/DSC00928-150x100.jpg 150w, https:\/\/www.inovallee.com\/wp-content\/uploads\/2025\/04\/DSC00928-400x267.jpg 400w, https:\/\/www.inovallee.com\/wp-content\/uploads\/2025\/04\/DSC00928-1320x880.jpg 1320w\" sizes=\"(max-width: 800px) 100vw, 800px\" \/>\t\t\t\t\t\t\t\t\t\t\t\t\t\t\t<\/div>\n\t\t\t\t<\/div>\n\t\t\t\t\t<\/div>\n\t\t<\/div>\n\t\t\t\t\t<\/div>\n\t\t<\/section>\n\t\t\t\t<section class=\"elementor-section elementor-top-section elementor-element elementor-element-72f5986 elementor-section-boxed elementor-section-height-default elementor-section-height-default\" data-id=\"72f5986\" data-element_type=\"section\" data-e-type=\"section\" data-settings=\"{&quot;background_background&quot;:&quot;classic&quot;}\">\n\t\t\t\t\t\t<div class=\"elementor-container elementor-column-gap-default\">\n\t\t\t\t\t<div class=\"elementor-column elementor-col-100 elementor-top-column elementor-element elementor-element-43a9408\" data-id=\"43a9408\" data-element_type=\"column\" data-e-type=\"column\">\n\t\t\t<div class=\"elementor-widget-wrap elementor-element-populated\">\n\t\t\t\t\t\t<div class=\"elementor-element elementor-element-1c380ed elementor-widget elementor-widget-heading\" data-id=\"1c380ed\" data-element_type=\"widget\" data-e-type=\"widget\" data-widget_type=\"heading.default\">\n\t\t\t\t<div class=\"elementor-widget-container\">\n\t\t\t\t\t<h2 class=\"elementor-heading-title elementor-size-default\">Vous avez une question ? <\/h2>\t\t\t\t<\/div>\n\t\t\t\t<\/div>\n\t\t\t\t<div class=\"elementor-element elementor-element-1858e85 elementor-widget elementor-widget-text-editor\" data-id=\"1858e85\" data-element_type=\"widget\" data-e-type=\"widget\" data-widget_type=\"text-editor.default\">\n\t\t\t\t<div class=\"elementor-widget-container\">\n\t\t\t\t\t\t\t\t\t<p><strong>Contactez l&rsquo;\u00e9quipe inovall\u00e9e par <a href=\"mailto:v.bertrand@inovallee.com\">email<\/a> ou t\u00e9l\u00e9phone au 04 76 90 41 57<\/strong><\/p>\t\t\t\t\t\t\t\t<\/div>\n\t\t\t\t<\/div>\n\t\t\t\t<div class=\"elementor-element elementor-element-35ad5ae elementor-widget-divider--view-line elementor-widget elementor-widget-divider\" data-id=\"35ad5ae\" data-element_type=\"widget\" data-e-type=\"widget\" data-widget_type=\"divider.default\">\n\t\t\t\t<div class=\"elementor-widget-container\">\n\t\t\t\t\t\t\t<div class=\"elementor-divider\">\n\t\t\t<span class=\"elementor-divider-separator\">\n\t\t\t\t\t\t<\/span>\n\t\t<\/div>\n\t\t\t\t\t\t<\/div>\n\t\t\t\t<\/div>\n\t\t\t\t\t<\/div>\n\t\t<\/div>\n\t\t\t\t\t<\/div>\n\t\t<\/section>\n\t\t\t\t<\/div>\n\t\t","protected":false},"excerpt":{"rendered":"<p>INO&rsquo;WARRIOR JOUR : Jeudi 4 juin de 12h \u00e0 14h LIEU : Parc \u00eele d&rsquo;amour, chemin de l&rsquo;\u00eele d&rsquo;amour \u00e0 Meylan EQUIPE DE : 5\u00a0\u00a0 NOMBRE D&rsquo;EQUIPES : 24 ARBITRAGE : inovall\u00e9e DUREE : Deux sessions d&rsquo;une heure avec 12 \u00e9quipes. 1\u00e8re session \u00e0 12h et 2\u00e8me session \u00e0 13h. MATERIEL : Fourni par inovall\u00e9e [&hellip;]<\/p>\n","protected":false},"author":11,"featured_media":0,"parent":0,"menu_order":0,"comment_status":"closed","ping_status":"closed","template":"","meta":{"footnotes":""},"class_list":["post-46015","page","type-page","status-publish","hentry"],"yoast_head":"<!-- This site is optimized with the Yoast SEO plugin v27.4 - https:\/\/yoast.com\/product\/yoast-seo-wordpress\/ -->\n<title>ino&#039;Challenge 2026 : d\u00e9fi INO&#039;WARRIOR - inovall\u00e9e, technopole de l&#039;innovation<\/title>\n<meta name=\"description\" content=\"inovall\u00e9e propose \u00e0 ses collaborateurs un challenge inter-entreprises \u00e9co-responsable et in\u00e9dit.\" \/>\n<meta name=\"robots\" content=\"index, follow, max-snippet:-1, max-image-preview:large, max-video-preview:-1\" \/>\n<link rel=\"canonical\" href=\"https:\/\/www.inovallee.com\/en\/inochallenge-2026-defi-inowarrior\/\" \/>\n<meta property=\"og:locale\" content=\"en_GB\" \/>\n<meta property=\"og:type\" content=\"article\" \/>\n<meta property=\"og:title\" content=\"ino&#039;Challenge 2026 : d\u00e9fi INO&#039;WARRIOR - inovall\u00e9e, technopole de l&#039;innovation\" \/>\n<meta property=\"og:description\" content=\"inovall\u00e9e propose \u00e0 ses collaborateurs un challenge inter-entreprises \u00e9co-responsable et in\u00e9dit.\" \/>\n<meta property=\"og:url\" content=\"https:\/\/www.inovallee.com\/en\/inochallenge-2026-defi-inowarrior\/\" \/>\n<meta property=\"og:site_name\" content=\"inovall\u00e9e\" \/>\n<meta property=\"article:publisher\" content=\"https:\/\/www.facebook.com\/technopoleinovallee\/\" \/>\n<meta property=\"article:modified_time\" content=\"2026-03-11T10:04:37+00:00\" \/>\n<meta property=\"og:image\" content=\"https:\/\/www.inovallee.com\/wp-content\/uploads\/2025\/04\/DSC00928-scaled.jpg\" \/>\n\t<meta property=\"og:image:width\" content=\"2048\" \/>\n\t<meta property=\"og:image:height\" content=\"1365\" \/>\n\t<meta property=\"og:image:type\" content=\"image\/jpeg\" \/>\n<meta name=\"twitter:card\" content=\"summary_large_image\" \/>\n<meta name=\"twitter:site\" content=\"@inovallee\" \/>\n<meta name=\"twitter:label1\" content=\"Estimated reading time\" \/>\n\t<meta name=\"twitter:data1\" content=\"1 minute\" \/>\n<script type=\"application\/ld+json\" class=\"yoast-schema-graph\">{\"@context\":\"https:\\\/\\\/schema.org\",\"@graph\":[{\"@type\":\"WebPage\",\"@id\":\"https:\\\/\\\/www.inovallee.com\\\/inochallenge-2026-defi-inowarrior\\\/\",\"url\":\"https:\\\/\\\/www.inovallee.com\\\/inochallenge-2026-defi-inowarrior\\\/\",\"name\":\"ino'Challenge 2026 : d\u00e9fi INO'WARRIOR - inovall\u00e9e, technopole de l'innovation\",\"isPartOf\":{\"@id\":\"https:\\\/\\\/www.inovallee.com\\\/#website\"},\"primaryImageOfPage\":{\"@id\":\"https:\\\/\\\/www.inovallee.com\\\/inochallenge-2026-defi-inowarrior\\\/#primaryimage\"},\"image\":{\"@id\":\"https:\\\/\\\/www.inovallee.com\\\/inochallenge-2026-defi-inowarrior\\\/#primaryimage\"},\"thumbnailUrl\":\"https:\\\/\\\/www.inovallee.com\\\/wp-content\\\/uploads\\\/2025\\\/04\\\/DSC00928-1024x683.jpg\",\"datePublished\":\"2023-03-31T10:56:28+00:00\",\"dateModified\":\"2026-03-11T10:04:37+00:00\",\"description\":\"inovall\u00e9e propose \u00e0 ses collaborateurs un challenge inter-entreprises \u00e9co-responsable et in\u00e9dit.\",\"breadcrumb\":{\"@id\":\"https:\\\/\\\/www.inovallee.com\\\/inochallenge-2026-defi-inowarrior\\\/#breadcrumb\"},\"inLanguage\":\"en-GB\",\"potentialAction\":[{\"@type\":\"ReadAction\",\"target\":[\"https:\\\/\\\/www.inovallee.com\\\/inochallenge-2026-defi-inowarrior\\\/\"]}]},{\"@type\":\"ImageObject\",\"inLanguage\":\"en-GB\",\"@id\":\"https:\\\/\\\/www.inovallee.com\\\/inochallenge-2026-defi-inowarrior\\\/#primaryimage\",\"url\":\"https:\\\/\\\/www.inovallee.com\\\/wp-content\\\/uploads\\\/2025\\\/04\\\/DSC00928-1024x683.jpg\",\"contentUrl\":\"https:\\\/\\\/www.inovallee.com\\\/wp-content\\\/uploads\\\/2025\\\/04\\\/DSC00928-1024x683.jpg\"},{\"@type\":\"BreadcrumbList\",\"@id\":\"https:\\\/\\\/www.inovallee.com\\\/inochallenge-2026-defi-inowarrior\\\/#breadcrumb\",\"itemListElement\":[{\"@type\":\"ListItem\",\"position\":1,\"name\":\"Accueil\",\"item\":\"https:\\\/\\\/www.inovallee.com\\\/\"},{\"@type\":\"ListItem\",\"position\":2,\"name\":\"ino&rsquo;Challenge 2026 : d\u00e9fi INO&rsquo;WARRIOR\"}]},{\"@type\":\"WebSite\",\"@id\":\"https:\\\/\\\/www.inovallee.com\\\/#website\",\"url\":\"https:\\\/\\\/www.inovallee.com\\\/\",\"name\":\"inovall\u00e9e technopole, Home to software & smart technologies\",\"description\":\"Home to software &amp; smart technologies\",\"publisher\":{\"@id\":\"https:\\\/\\\/www.inovallee.com\\\/#organization\"},\"potentialAction\":[{\"@type\":\"SearchAction\",\"target\":{\"@type\":\"EntryPoint\",\"urlTemplate\":\"https:\\\/\\\/www.inovallee.com\\\/?s={search_term_string}\"},\"query-input\":{\"@type\":\"PropertyValueSpecification\",\"valueRequired\":true,\"valueName\":\"search_term_string\"}}],\"inLanguage\":\"en-GB\"},{\"@type\":\"Organization\",\"@id\":\"https:\\\/\\\/www.inovallee.com\\\/#organization\",\"name\":\"inovall\u00e9e\",\"url\":\"https:\\\/\\\/www.inovallee.com\\\/\",\"logo\":{\"@type\":\"ImageObject\",\"inLanguage\":\"en-GB\",\"@id\":\"https:\\\/\\\/www.inovallee.com\\\/#\\\/schema\\\/logo\\\/image\\\/\",\"url\":\"https:\\\/\\\/www.inovallee.com\\\/wp-content\\\/uploads\\\/2023\\\/08\\\/inovallee_2022_GrenobleAlpes.png\",\"contentUrl\":\"https:\\\/\\\/www.inovallee.com\\\/wp-content\\\/uploads\\\/2023\\\/08\\\/inovallee_2022_GrenobleAlpes.png\",\"width\":945,\"height\":369,\"caption\":\"inovall\u00e9e\"},\"image\":{\"@id\":\"https:\\\/\\\/www.inovallee.com\\\/#\\\/schema\\\/logo\\\/image\\\/\"},\"sameAs\":[\"https:\\\/\\\/www.facebook.com\\\/technopoleinovallee\\\/\",\"https:\\\/\\\/x.com\\\/inovallee\",\"https:\\\/\\\/www.linkedin.com\\\/company\\\/inovall-e\\\/\",\"https:\\\/\\\/www.youtube.com\\\/user\\\/inovallee?reload=9\"]}]}<\/script>\n<!-- \/ Yoast SEO plugin. -->","yoast_head_json":{"title":"ino'Challenge 2026 : d\u00e9fi INO'WARRIOR - inovall\u00e9e, technopole de l'innovation","description":"inovall\u00e9e propose \u00e0 ses collaborateurs un challenge inter-entreprises \u00e9co-responsable et in\u00e9dit.","robots":{"index":"index","follow":"follow","max-snippet":"max-snippet:-1","max-image-preview":"max-image-preview:large","max-video-preview":"max-video-preview:-1"},"canonical":"https:\/\/www.inovallee.com\/en\/inochallenge-2026-defi-inowarrior\/","og_locale":"en_GB","og_type":"article","og_title":"ino'Challenge 2026 : d\u00e9fi INO'WARRIOR - inovall\u00e9e, technopole de l'innovation","og_description":"inovall\u00e9e propose \u00e0 ses collaborateurs un challenge inter-entreprises \u00e9co-responsable et in\u00e9dit.","og_url":"https:\/\/www.inovallee.com\/en\/inochallenge-2026-defi-inowarrior\/","og_site_name":"inovall\u00e9e","article_publisher":"https:\/\/www.facebook.com\/technopoleinovallee\/","article_modified_time":"2026-03-11T10:04:37+00:00","og_image":[{"width":2048,"height":1365,"url":"https:\/\/www.inovallee.com\/wp-content\/uploads\/2025\/04\/DSC00928-scaled.jpg","type":"image\/jpeg"}],"twitter_card":"summary_large_image","twitter_site":"@inovallee","twitter_misc":{"Estimated reading time":"1 minute"},"schema":{"@context":"https:\/\/schema.org","@graph":[{"@type":"WebPage","@id":"https:\/\/www.inovallee.com\/inochallenge-2026-defi-inowarrior\/","url":"https:\/\/www.inovallee.com\/inochallenge-2026-defi-inowarrior\/","name":"ino'Challenge 2026 : d\u00e9fi INO'WARRIOR - inovall\u00e9e, technopole de l'innovation","isPartOf":{"@id":"https:\/\/www.inovallee.com\/#website"},"primaryImageOfPage":{"@id":"https:\/\/www.inovallee.com\/inochallenge-2026-defi-inowarrior\/#primaryimage"},"image":{"@id":"https:\/\/www.inovallee.com\/inochallenge-2026-defi-inowarrior\/#primaryimage"},"thumbnailUrl":"https:\/\/www.inovallee.com\/wp-content\/uploads\/2025\/04\/DSC00928-1024x683.jpg","datePublished":"2023-03-31T10:56:28+00:00","dateModified":"2026-03-11T10:04:37+00:00","description":"inovall\u00e9e propose \u00e0 ses collaborateurs un challenge inter-entreprises \u00e9co-responsable et in\u00e9dit.","breadcrumb":{"@id":"https:\/\/www.inovallee.com\/inochallenge-2026-defi-inowarrior\/#breadcrumb"},"inLanguage":"en-GB","potentialAction":[{"@type":"ReadAction","target":["https:\/\/www.inovallee.com\/inochallenge-2026-defi-inowarrior\/"]}]},{"@type":"ImageObject","inLanguage":"en-GB","@id":"https:\/\/www.inovallee.com\/inochallenge-2026-defi-inowarrior\/#primaryimage","url":"https:\/\/www.inovallee.com\/wp-content\/uploads\/2025\/04\/DSC00928-1024x683.jpg","contentUrl":"https:\/\/www.inovallee.com\/wp-content\/uploads\/2025\/04\/DSC00928-1024x683.jpg"},{"@type":"BreadcrumbList","@id":"https:\/\/www.inovallee.com\/inochallenge-2026-defi-inowarrior\/#breadcrumb","itemListElement":[{"@type":"ListItem","position":1,"name":"Accueil","item":"https:\/\/www.inovallee.com\/"},{"@type":"ListItem","position":2,"name":"ino&rsquo;Challenge 2026 : d\u00e9fi INO&rsquo;WARRIOR"}]},{"@type":"WebSite","@id":"https:\/\/www.inovallee.com\/#website","url":"https:\/\/www.inovallee.com\/","name":"inovall\u00e9e technopole, Home to software & smart technologies","description":"Home to software &amp; smart technologies","publisher":{"@id":"https:\/\/www.inovallee.com\/#organization"},"potentialAction":[{"@type":"SearchAction","target":{"@type":"EntryPoint","urlTemplate":"https:\/\/www.inovallee.com\/?s={search_term_string}"},"query-input":{"@type":"PropertyValueSpecification","valueRequired":true,"valueName":"search_term_string"}}],"inLanguage":"en-GB"},{"@type":"Organization","@id":"https:\/\/www.inovallee.com\/#organization","name":"inovall\u00e9e","url":"https:\/\/www.inovallee.com\/","logo":{"@type":"ImageObject","inLanguage":"en-GB","@id":"https:\/\/www.inovallee.com\/#\/schema\/logo\/image\/","url":"https:\/\/www.inovallee.com\/wp-content\/uploads\/2023\/08\/inovallee_2022_GrenobleAlpes.png","contentUrl":"https:\/\/www.inovallee.com\/wp-content\/uploads\/2023\/08\/inovallee_2022_GrenobleAlpes.png","width":945,"height":369,"caption":"inovall\u00e9e"},"image":{"@id":"https:\/\/www.inovallee.com\/#\/schema\/logo\/image\/"},"sameAs":["https:\/\/www.facebook.com\/technopoleinovallee\/","https:\/\/x.com\/inovallee","https:\/\/www.linkedin.com\/company\/inovall-e\/","https:\/\/www.youtube.com\/user\/inovallee?reload=9"]}]}},"_links":{"self":[{"href":"https:\/\/www.inovallee.com\/en\/wp-json\/wp\/v2\/pages\/46015","targetHints":{"allow":["GET"]}}],"collection":[{"href":"https:\/\/www.inovallee.com\/en\/wp-json\/wp\/v2\/pages"}],"about":[{"href":"https:\/\/www.inovallee.com\/en\/wp-json\/wp\/v2\/types\/page"}],"author":[{"embeddable":true,"href":"https:\/\/www.inovallee.com\/en\/wp-json\/wp\/v2\/users\/11"}],"replies":[{"embeddable":true,"href":"https:\/\/www.inovallee.com\/en\/wp-json\/wp\/v2\/comments?post=46015"}],"version-history":[{"count":44,"href":"https:\/\/www.inovallee.com\/en\/wp-json\/wp\/v2\/pages\/46015\/revisions"}],"predecessor-version":[{"id":63210,"href":"https:\/\/www.inovallee.com\/en\/wp-json\/wp\/v2\/pages\/46015\/revisions\/63210"}],"wp:attachment":[{"href":"https:\/\/www.inovallee.com\/en\/wp-json\/wp\/v2\/media?parent=46015"}],"curies":[{"name":"wp","href":"https:\/\/api.w.org\/{rel}","templated":true}]}}