{"id":62846,"date":"2026-02-27T14:46:07","date_gmt":"2026-02-27T13:46:07","guid":{"rendered":"https:\/\/www.inovallee.com\/?page_id=62846"},"modified":"2026-03-17T14:05:00","modified_gmt":"2026-03-17T13:05:00","slug":"inochallenge-2026-defi-cross","status":"publish","type":"page","link":"https:\/\/www.inovallee.com\/en\/inochallenge-2026-defi-cross\/","title":{"rendered":"ino&rsquo;Challenge 2026 : d\u00e9fi CROSS"},"content":{"rendered":"\t\t<div data-elementor-type=\"wp-page\" data-elementor-id=\"62846\" class=\"elementor elementor-62846\" data-elementor-post-type=\"page\">\n\t\t\t\t\t\t<section class=\"elementor-section elementor-top-section elementor-element elementor-element-c1cadc0 elementor-section-height-min-height elementor-section-items-stretch elementor-section-boxed elementor-section-height-default\" data-id=\"c1cadc0\" data-element_type=\"section\" data-e-type=\"section\" data-settings=\"{&quot;background_background&quot;:&quot;slideshow&quot;,&quot;background_slideshow_gallery&quot;:[{&quot;id&quot;:62677,&quot;url&quot;:&quot;https:\\\/\\\/www.inovallee.com\\\/wp-content\\\/uploads\\\/2026\\\/02\\\/Bandeau_Site_inochallenge-2026.png&quot;}],&quot;background_slideshow_loop&quot;:&quot;yes&quot;,&quot;background_slideshow_slide_duration&quot;:5000,&quot;background_slideshow_slide_transition&quot;:&quot;fade&quot;,&quot;background_slideshow_transition_duration&quot;:500}\">\n\t\t\t\t\t\t\t<div class=\"elementor-background-overlay\"><\/div>\n\t\t\t\t\t\t\t<div class=\"elementor-container elementor-column-gap-default\">\n\t\t\t\t\t<div class=\"elementor-column elementor-col-100 elementor-top-column elementor-element elementor-element-1744112\" data-id=\"1744112\" data-element_type=\"column\" data-e-type=\"column\">\n\t\t\t<div class=\"elementor-widget-wrap\">\n\t\t\t\t\t\t\t<\/div>\n\t\t<\/div>\n\t\t\t\t\t<\/div>\n\t\t<\/section>\n\t\t\t\t<section class=\"elementor-section elementor-top-section elementor-element elementor-element-c27b477 elementor-section-boxed elementor-section-height-default elementor-section-height-default\" data-id=\"c27b477\" data-element_type=\"section\" data-e-type=\"section\" data-settings=\"{&quot;background_background&quot;:&quot;classic&quot;}\">\n\t\t\t\t\t\t<div class=\"elementor-container elementor-column-gap-wide\">\n\t\t\t\t\t<div class=\"elementor-column elementor-col-100 elementor-top-column elementor-element elementor-element-24d5903\" data-id=\"24d5903\" data-element_type=\"column\" data-e-type=\"column\">\n\t\t\t<div class=\"elementor-widget-wrap elementor-element-populated\">\n\t\t\t\t\t\t<div class=\"elementor-element elementor-element-a959b73 elementor-widget elementor-widget-spacer\" data-id=\"a959b73\" data-element_type=\"widget\" data-e-type=\"widget\" data-widget_type=\"spacer.default\">\n\t\t\t\t<div class=\"elementor-widget-container\">\n\t\t\t\t\t\t\t<div class=\"elementor-spacer\">\n\t\t\t<div class=\"elementor-spacer-inner\"><\/div>\n\t\t<\/div>\n\t\t\t\t\t\t<\/div>\n\t\t\t\t<\/div>\n\t\t\t\t<div class=\"elementor-element elementor-element-a843017 elementor-widget elementor-widget-heading\" data-id=\"a843017\" data-element_type=\"widget\" data-e-type=\"widget\" data-widget_type=\"heading.default\">\n\t\t\t\t<div class=\"elementor-widget-container\">\n\t\t\t\t\t<h2 class=\"elementor-heading-title elementor-size-default\">CROSS<\/h2>\t\t\t\t<\/div>\n\t\t\t\t<\/div>\n\t\t\t\t<div class=\"elementor-element elementor-element-973780c elementor-widget-divider--view-line elementor-widget elementor-widget-divider\" data-id=\"973780c\" data-element_type=\"widget\" data-e-type=\"widget\" data-widget_type=\"divider.default\">\n\t\t\t\t<div class=\"elementor-widget-container\">\n\t\t\t\t\t\t\t<div class=\"elementor-divider\">\n\t\t\t<span class=\"elementor-divider-separator\">\n\t\t\t\t\t\t<\/span>\n\t\t<\/div>\n\t\t\t\t\t\t<\/div>\n\t\t\t\t<\/div>\n\t\t\t\t\t<\/div>\n\t\t<\/div>\n\t\t\t\t\t<\/div>\n\t\t<\/section>\n\t\t\t\t<section class=\"elementor-section elementor-top-section elementor-element elementor-element-72b04cc elementor-section-boxed elementor-section-height-default elementor-section-height-default\" data-id=\"72b04cc\" data-element_type=\"section\" data-e-type=\"section\">\n\t\t\t\t\t\t<div class=\"elementor-container elementor-column-gap-default\">\n\t\t\t\t\t<div class=\"elementor-column elementor-col-66 elementor-top-column elementor-element elementor-element-e2c9158\" data-id=\"e2c9158\" data-element_type=\"column\" data-e-type=\"column\">\n\t\t\t<div class=\"elementor-widget-wrap elementor-element-populated\">\n\t\t\t\t\t\t<div class=\"elementor-element elementor-element-d37ed78 elementor-widget elementor-widget-text-editor\" data-id=\"d37ed78\" data-element_type=\"widget\" data-e-type=\"widget\" data-widget_type=\"text-editor.default\">\n\t\t\t\t<div class=\"elementor-widget-container\">\n\t\t\t\t\t\t\t\t\t<p><strong>JOUR : Lundi 8 juin de<\/strong><strong> 12h \u00e0 13h30<\/strong><\/p><p><strong>LIEU : Parc du Bachais \u00e0 Meylan<\/strong><\/p><p><strong>EQUIPE DE : 4<\/strong><\/p><p><strong>NOMBRE D&rsquo;EQUIPES : 12<\/strong><\/p><p><strong>DUREE : <\/strong><strong>2 boucles de 1. 250 km<\/strong><\/p>\t\t\t\t\t\t\t\t<\/div>\n\t\t\t\t<\/div>\n\t\t\t\t<div class=\"elementor-element elementor-element-d2ad6c4 elementor-widget elementor-widget-text-editor\" data-id=\"d2ad6c4\" data-element_type=\"widget\" data-e-type=\"widget\" data-widget_type=\"text-editor.default\">\n\t\t\t\t<div class=\"elementor-widget-container\">\n\t\t\t\t\t\t\t\t\t<h6><strong>Merci de vous pr\u00e9senter 5 min avant l&rsquo;heure du d\u00e9but du d\u00e9fi. <\/strong><\/h6><p><strong><em>Attestation de sant\u00e9<\/em><em>\u00a0obligatoire, \u00e0 fournir quand votre inscription vous sera confirm\u00e9e apr\u00e8s le 15 mai. <\/em><\/strong><\/p>\t\t\t\t\t\t\t\t<\/div>\n\t\t\t\t<\/div>\n\t\t\t\t\t<\/div>\n\t\t<\/div>\n\t\t\t\t<div class=\"elementor-column elementor-col-33 elementor-top-column elementor-element elementor-element-f9e802c\" data-id=\"f9e802c\" data-element_type=\"column\" data-e-type=\"column\">\n\t\t\t<div class=\"elementor-widget-wrap elementor-element-populated\">\n\t\t\t\t\t\t<div class=\"elementor-element elementor-element-cb5abe7 elementor-widget elementor-widget-image\" data-id=\"cb5abe7\" data-element_type=\"widget\" data-e-type=\"widget\" data-widget_type=\"image.default\">\n\t\t\t\t<div class=\"elementor-widget-container\">\n\t\t\t\t\t\t\t\t\t\t\t\t\t\t\t<img fetchpriority=\"high\" decoding=\"async\" width=\"800\" height=\"500\" src=\"https:\/\/www.inovallee.com\/wp-content\/uploads\/2016\/06\/blog_une-article-CROSS-e1772201621925.png\" class=\"attachment-large size-large wp-image-8110\" alt=\"cross inovall\u00e9e\" srcset=\"https:\/\/www.inovallee.com\/wp-content\/uploads\/2016\/06\/blog_une-article-CROSS-e1772201621925.png 800w, https:\/\/www.inovallee.com\/wp-content\/uploads\/2016\/06\/blog_une-article-CROSS-e1772201621925-300x188.png 300w, https:\/\/www.inovallee.com\/wp-content\/uploads\/2016\/06\/blog_une-article-CROSS-e1772201621925-768x480.png 768w, https:\/\/www.inovallee.com\/wp-content\/uploads\/2016\/06\/blog_une-article-CROSS-e1772201621925-18x12.png 18w, https:\/\/www.inovallee.com\/wp-content\/uploads\/2016\/06\/blog_une-article-CROSS-e1772201621925-150x94.png 150w, https:\/\/www.inovallee.com\/wp-content\/uploads\/2016\/06\/blog_une-article-CROSS-e1772201621925-400x250.png 400w\" sizes=\"(max-width: 800px) 100vw, 800px\" \/>\t\t\t\t\t\t\t\t\t\t\t\t\t\t\t<\/div>\n\t\t\t\t<\/div>\n\t\t\t\t\t<\/div>\n\t\t<\/div>\n\t\t\t\t\t<\/div>\n\t\t<\/section>\n\t\t\t\t<section class=\"elementor-section elementor-top-section elementor-element elementor-element-ae8eea6 elementor-section-boxed elementor-section-height-default elementor-section-height-default\" data-id=\"ae8eea6\" data-element_type=\"section\" data-e-type=\"section\">\n\t\t\t\t\t\t<div class=\"elementor-container elementor-column-gap-default\">\n\t\t\t\t\t<div class=\"elementor-column elementor-col-66 elementor-top-column elementor-element elementor-element-b49222a\" data-id=\"b49222a\" data-element_type=\"column\" data-e-type=\"column\">\n\t\t\t<div class=\"elementor-widget-wrap elementor-element-populated\">\n\t\t\t\t\t\t<div class=\"elementor-element elementor-element-882639c elementor-widget elementor-widget-text-editor\" data-id=\"882639c\" data-element_type=\"widget\" data-e-type=\"widget\" data-widget_type=\"text-editor.default\">\n\t\t\t\t<div class=\"elementor-widget-container\">\n\t\t\t\t\t\t\t\t\t<p><strong>Composition des \u00e9quipes :<\/strong> le cross se fera par \u00e9quipes de <strong>4 joueurs.<\/strong><\/p><p><strong>D\u00e9roulement du d\u00e9fi :<\/strong>\u00a0<\/p><p><span style=\"text-decoration: underline;\">Parcours\u00a0<\/span>: Le cross se d\u00e9roulera au parc du Bachais.<\/p><p><span style=\"text-decoration: underline;\">Distance\u00a0<\/span>: Un trac\u00e9 balis\u00e9 de 1,25 km \u00e0 parcourir deux fois, soit un total de 2,5 km.<\/p><p><span style=\"text-decoration: underline;\">D\u00e9part\u00a0<\/span>: D\u00e9part en masse \u00e0 une heure pr\u00e9cise.<\/p><p><strong>Score<\/strong><\/p><p>Points individuels : Les points sont attribu\u00e9s selon la position d\u2019arriv\u00e9e de chaque participant :<\/p><ul><li>1er : 1 point<\/li><li>2\u00e8me : 2 points<\/li><li>&#8230;<\/li><li>64\u00e8me : 64 points<\/li><\/ul><p>Le score total de l\u2019\u00e9quipe est la somme des points des 4 participants.<\/p><p>L\u2019\u00e9quipe avec le score total le plus faible est d\u00e9clar\u00e9e vainqueure.<\/p><p><strong>Mat\u00e9riel :\u00a0<\/strong>Affaires de sport d&rsquo;ext\u00e9rieur obligatoires. Aucun \u00e9quipement dangereux (crampons de foot, pointes m\u00e9talliques, etc.) n\u2019est autoris\u00e9.<\/p><p><strong>Format et dur\u00e9e :\u00a0<\/strong>Un trac\u00e9 balis\u00e9 de 1,25 km \u00e0 parcourir deux fois, soit un total de 2,5 km.<\/p><p><strong>Points <\/strong><strong>ino\u2019challenge :\u00a0<\/strong>Chaque \u00e9quipe se\u00a0verra attribuer un classement final en fonction de ses r\u00e9sultats, et gagnera des points pour son entreprise en cons\u00e9quence.<\/p>\t\t\t\t\t\t\t\t<\/div>\n\t\t\t\t<\/div>\n\t\t\t\t\t<\/div>\n\t\t<\/div>\n\t\t\t\t<div class=\"elementor-column elementor-col-33 elementor-top-column elementor-element elementor-element-0d815ba\" data-id=\"0d815ba\" data-element_type=\"column\" data-e-type=\"column\">\n\t\t\t<div class=\"elementor-widget-wrap elementor-element-populated\">\n\t\t\t\t\t\t<div class=\"elementor-element elementor-element-2a388c9 elementor-widget elementor-widget-image\" data-id=\"2a388c9\" data-element_type=\"widget\" data-e-type=\"widget\" data-widget_type=\"image.default\">\n\t\t\t\t<div class=\"elementor-widget-container\">\n\t\t\t\t\t\t\t\t\t\t\t\t\t\t\t<img decoding=\"async\" width=\"435\" height=\"335\" src=\"https:\/\/www.inovallee.com\/wp-content\/uploads\/2026\/03\/Parcours-parc-du-bachais.png\" class=\"attachment-large size-large wp-image-63333\" alt=\"\" srcset=\"https:\/\/www.inovallee.com\/wp-content\/uploads\/2026\/03\/Parcours-parc-du-bachais.png 435w, https:\/\/www.inovallee.com\/wp-content\/uploads\/2026\/03\/Parcours-parc-du-bachais-300x231.png 300w, https:\/\/www.inovallee.com\/wp-content\/uploads\/2026\/03\/Parcours-parc-du-bachais-16x12.png 16w, https:\/\/www.inovallee.com\/wp-content\/uploads\/2026\/03\/Parcours-parc-du-bachais-150x116.png 150w, https:\/\/www.inovallee.com\/wp-content\/uploads\/2026\/03\/Parcours-parc-du-bachais-400x308.png 400w\" sizes=\"(max-width: 435px) 100vw, 435px\" \/>\t\t\t\t\t\t\t\t\t\t\t\t\t\t\t<\/div>\n\t\t\t\t<\/div>\n\t\t\t\t\t<\/div>\n\t\t<\/div>\n\t\t\t\t\t<\/div>\n\t\t<\/section>\n\t\t\t\t<section class=\"elementor-section elementor-top-section elementor-element elementor-element-6368861 elementor-section-boxed elementor-section-height-default elementor-section-height-default\" data-id=\"6368861\" data-element_type=\"section\" data-e-type=\"section\">\n\t\t\t\t\t\t<div class=\"elementor-container elementor-column-gap-default\">\n\t\t\t\t\t<div class=\"elementor-column elementor-col-100 elementor-top-column elementor-element elementor-element-1704e15\" data-id=\"1704e15\" data-element_type=\"column\" data-e-type=\"column\">\n\t\t\t<div class=\"elementor-widget-wrap\">\n\t\t\t\t\t\t\t<\/div>\n\t\t<\/div>\n\t\t\t\t\t<\/div>\n\t\t<\/section>\n\t\t\t\t<section class=\"elementor-section elementor-top-section elementor-element elementor-element-72f5986 elementor-section-boxed elementor-section-height-default elementor-section-height-default\" data-id=\"72f5986\" data-element_type=\"section\" data-e-type=\"section\" data-settings=\"{&quot;background_background&quot;:&quot;classic&quot;}\">\n\t\t\t\t\t\t<div class=\"elementor-container elementor-column-gap-default\">\n\t\t\t\t\t<div class=\"elementor-column elementor-col-100 elementor-top-column elementor-element elementor-element-43a9408\" data-id=\"43a9408\" data-element_type=\"column\" data-e-type=\"column\">\n\t\t\t<div class=\"elementor-widget-wrap elementor-element-populated\">\n\t\t\t\t\t\t<div class=\"elementor-element elementor-element-1c380ed elementor-widget elementor-widget-heading\" data-id=\"1c380ed\" data-element_type=\"widget\" data-e-type=\"widget\" data-widget_type=\"heading.default\">\n\t\t\t\t<div class=\"elementor-widget-container\">\n\t\t\t\t\t<h2 class=\"elementor-heading-title elementor-size-default\">Vous avez une question ? <\/h2>\t\t\t\t<\/div>\n\t\t\t\t<\/div>\n\t\t\t\t<div class=\"elementor-element elementor-element-594faae elementor-widget elementor-widget-text-editor\" data-id=\"594faae\" data-element_type=\"widget\" data-e-type=\"widget\" data-widget_type=\"text-editor.default\">\n\t\t\t\t<div class=\"elementor-widget-container\">\n\t\t\t\t\t\t\t\t\t<p><strong>Contactez l&rsquo;\u00e9quipe inovall\u00e9e par <a href=\"mailto:v.bertrand@inovallee.com\">email<\/a> ou t\u00e9l\u00e9phone au <\/strong><strong>04 76 90 41 57<\/strong><\/p>\t\t\t\t\t\t\t\t<\/div>\n\t\t\t\t<\/div>\n\t\t\t\t<div class=\"elementor-element elementor-element-4d4b5b3 elementor-widget-divider--view-line elementor-widget elementor-widget-divider\" data-id=\"4d4b5b3\" data-element_type=\"widget\" data-e-type=\"widget\" data-widget_type=\"divider.default\">\n\t\t\t\t<div class=\"elementor-widget-container\">\n\t\t\t\t\t\t\t<div class=\"elementor-divider\">\n\t\t\t<span class=\"elementor-divider-separator\">\n\t\t\t\t\t\t<\/span>\n\t\t<\/div>\n\t\t\t\t\t\t<\/div>\n\t\t\t\t<\/div>\n\t\t\t\t\t<\/div>\n\t\t<\/div>\n\t\t\t\t\t<\/div>\n\t\t<\/section>\n\t\t\t\t<\/div>\n\t\t","protected":false},"excerpt":{"rendered":"<p>CROSS JOUR : Lundi 8 juin de 12h \u00e0 13h30 LIEU : Parc du Bachais \u00e0 Meylan EQUIPE DE : 4 NOMBRE D&rsquo;EQUIPES : 12 DUREE : 2 boucles de 1. 250 km Merci de vous pr\u00e9senter 5 min avant l&rsquo;heure du d\u00e9but du d\u00e9fi. Attestation de sant\u00e9\u00a0obligatoire, \u00e0 fournir quand votre inscription vous sera [&hellip;]<\/p>\n","protected":false},"author":11,"featured_media":0,"parent":0,"menu_order":0,"comment_status":"closed","ping_status":"closed","template":"","meta":{"footnotes":""},"class_list":["post-62846","page","type-page","status-publish","hentry"],"yoast_head":"<!-- This site is optimized with the Yoast SEO plugin v27.4 - https:\/\/yoast.com\/product\/yoast-seo-wordpress\/ -->\n<title>ino&#039;Challenge 2026 : d\u00e9fi CROSS - inovall\u00e9e, technopole de l&#039;innovation<\/title>\n<meta name=\"description\" content=\"inovall\u00e9e propose \u00e0 ses collaborateurs un challenge inter-entreprises \u00e9co-responsable et in\u00e9dit.\" \/>\n<meta name=\"robots\" content=\"index, follow, max-snippet:-1, max-image-preview:large, max-video-preview:-1\" \/>\n<link rel=\"canonical\" href=\"https:\/\/www.inovallee.com\/en\/inochallenge-2026-defi-cross\/\" \/>\n<meta property=\"og:locale\" content=\"en_GB\" \/>\n<meta property=\"og:type\" content=\"article\" \/>\n<meta property=\"og:title\" content=\"ino&#039;Challenge 2026 : d\u00e9fi CROSS - inovall\u00e9e, technopole de l&#039;innovation\" \/>\n<meta property=\"og:description\" content=\"inovall\u00e9e propose \u00e0 ses collaborateurs un challenge inter-entreprises \u00e9co-responsable et in\u00e9dit.\" \/>\n<meta property=\"og:url\" content=\"https:\/\/www.inovallee.com\/en\/inochallenge-2026-defi-cross\/\" \/>\n<meta property=\"og:site_name\" content=\"inovall\u00e9e\" \/>\n<meta property=\"article:publisher\" content=\"https:\/\/www.facebook.com\/technopoleinovallee\/\" \/>\n<meta property=\"article:modified_time\" content=\"2026-03-17T13:05:00+00:00\" \/>\n<meta property=\"og:image\" content=\"https:\/\/www.inovallee.com\/wp-content\/uploads\/2016\/06\/blog_une-article-CROSS-e1772201621925.png\" \/>\n\t<meta property=\"og:image:width\" content=\"800\" \/>\n\t<meta property=\"og:image:height\" content=\"500\" \/>\n\t<meta property=\"og:image:type\" content=\"image\/png\" \/>\n<meta name=\"twitter:card\" content=\"summary_large_image\" \/>\n<meta name=\"twitter:site\" content=\"@inovallee\" \/>\n<meta name=\"twitter:label1\" content=\"Estimated reading time\" \/>\n\t<meta name=\"twitter:data1\" content=\"2 minutes\" \/>\n<script type=\"application\/ld+json\" class=\"yoast-schema-graph\">{\"@context\":\"https:\\\/\\\/schema.org\",\"@graph\":[{\"@type\":\"WebPage\",\"@id\":\"https:\\\/\\\/www.inovallee.com\\\/inochallenge-2026-defi-cross\\\/\",\"url\":\"https:\\\/\\\/www.inovallee.com\\\/inochallenge-2026-defi-cross\\\/\",\"name\":\"ino'Challenge 2026 : d\u00e9fi CROSS - inovall\u00e9e, technopole de l'innovation\",\"isPartOf\":{\"@id\":\"https:\\\/\\\/www.inovallee.com\\\/#website\"},\"primaryImageOfPage\":{\"@id\":\"https:\\\/\\\/www.inovallee.com\\\/inochallenge-2026-defi-cross\\\/#primaryimage\"},\"image\":{\"@id\":\"https:\\\/\\\/www.inovallee.com\\\/inochallenge-2026-defi-cross\\\/#primaryimage\"},\"thumbnailUrl\":\"https:\\\/\\\/www.inovallee.com\\\/wp-content\\\/uploads\\\/2016\\\/06\\\/blog_une-article-CROSS-e1772201621925.png\",\"datePublished\":\"2026-02-27T13:46:07+00:00\",\"dateModified\":\"2026-03-17T13:05:00+00:00\",\"description\":\"inovall\u00e9e propose \u00e0 ses collaborateurs un challenge inter-entreprises \u00e9co-responsable et in\u00e9dit.\",\"breadcrumb\":{\"@id\":\"https:\\\/\\\/www.inovallee.com\\\/inochallenge-2026-defi-cross\\\/#breadcrumb\"},\"inLanguage\":\"en-GB\",\"potentialAction\":[{\"@type\":\"ReadAction\",\"target\":[\"https:\\\/\\\/www.inovallee.com\\\/inochallenge-2026-defi-cross\\\/\"]}]},{\"@type\":\"ImageObject\",\"inLanguage\":\"en-GB\",\"@id\":\"https:\\\/\\\/www.inovallee.com\\\/inochallenge-2026-defi-cross\\\/#primaryimage\",\"url\":\"https:\\\/\\\/www.inovallee.com\\\/wp-content\\\/uploads\\\/2016\\\/06\\\/blog_une-article-CROSS-e1772201621925.png\",\"contentUrl\":\"https:\\\/\\\/www.inovallee.com\\\/wp-content\\\/uploads\\\/2016\\\/06\\\/blog_une-article-CROSS-e1772201621925.png\"},{\"@type\":\"BreadcrumbList\",\"@id\":\"https:\\\/\\\/www.inovallee.com\\\/inochallenge-2026-defi-cross\\\/#breadcrumb\",\"itemListElement\":[{\"@type\":\"ListItem\",\"position\":1,\"name\":\"Accueil\",\"item\":\"https:\\\/\\\/www.inovallee.com\\\/\"},{\"@type\":\"ListItem\",\"position\":2,\"name\":\"ino&rsquo;Challenge 2026 : d\u00e9fi CROSS\"}]},{\"@type\":\"WebSite\",\"@id\":\"https:\\\/\\\/www.inovallee.com\\\/#website\",\"url\":\"https:\\\/\\\/www.inovallee.com\\\/\",\"name\":\"inovall\u00e9e technopole, Home to software & smart technologies\",\"description\":\"Home to software &amp; smart technologies\",\"publisher\":{\"@id\":\"https:\\\/\\\/www.inovallee.com\\\/#organization\"},\"potentialAction\":[{\"@type\":\"SearchAction\",\"target\":{\"@type\":\"EntryPoint\",\"urlTemplate\":\"https:\\\/\\\/www.inovallee.com\\\/?s={search_term_string}\"},\"query-input\":{\"@type\":\"PropertyValueSpecification\",\"valueRequired\":true,\"valueName\":\"search_term_string\"}}],\"inLanguage\":\"en-GB\"},{\"@type\":\"Organization\",\"@id\":\"https:\\\/\\\/www.inovallee.com\\\/#organization\",\"name\":\"inovall\u00e9e\",\"url\":\"https:\\\/\\\/www.inovallee.com\\\/\",\"logo\":{\"@type\":\"ImageObject\",\"inLanguage\":\"en-GB\",\"@id\":\"https:\\\/\\\/www.inovallee.com\\\/#\\\/schema\\\/logo\\\/image\\\/\",\"url\":\"https:\\\/\\\/www.inovallee.com\\\/wp-content\\\/uploads\\\/2023\\\/08\\\/inovallee_2022_GrenobleAlpes.png\",\"contentUrl\":\"https:\\\/\\\/www.inovallee.com\\\/wp-content\\\/uploads\\\/2023\\\/08\\\/inovallee_2022_GrenobleAlpes.png\",\"width\":945,\"height\":369,\"caption\":\"inovall\u00e9e\"},\"image\":{\"@id\":\"https:\\\/\\\/www.inovallee.com\\\/#\\\/schema\\\/logo\\\/image\\\/\"},\"sameAs\":[\"https:\\\/\\\/www.facebook.com\\\/technopoleinovallee\\\/\",\"https:\\\/\\\/x.com\\\/inovallee\",\"https:\\\/\\\/www.linkedin.com\\\/company\\\/inovall-e\\\/\",\"https:\\\/\\\/www.youtube.com\\\/user\\\/inovallee?reload=9\"]}]}<\/script>\n<!-- \/ Yoast SEO plugin. -->","yoast_head_json":{"title":"ino'Challenge 2026 : d\u00e9fi CROSS - inovall\u00e9e, technopole de l'innovation","description":"inovall\u00e9e propose \u00e0 ses collaborateurs un challenge inter-entreprises \u00e9co-responsable et in\u00e9dit.","robots":{"index":"index","follow":"follow","max-snippet":"max-snippet:-1","max-image-preview":"max-image-preview:large","max-video-preview":"max-video-preview:-1"},"canonical":"https:\/\/www.inovallee.com\/en\/inochallenge-2026-defi-cross\/","og_locale":"en_GB","og_type":"article","og_title":"ino'Challenge 2026 : d\u00e9fi CROSS - inovall\u00e9e, technopole de l'innovation","og_description":"inovall\u00e9e propose \u00e0 ses collaborateurs un challenge inter-entreprises \u00e9co-responsable et in\u00e9dit.","og_url":"https:\/\/www.inovallee.com\/en\/inochallenge-2026-defi-cross\/","og_site_name":"inovall\u00e9e","article_publisher":"https:\/\/www.facebook.com\/technopoleinovallee\/","article_modified_time":"2026-03-17T13:05:00+00:00","og_image":[{"width":800,"height":500,"url":"https:\/\/www.inovallee.com\/wp-content\/uploads\/2016\/06\/blog_une-article-CROSS-e1772201621925.png","type":"image\/png"}],"twitter_card":"summary_large_image","twitter_site":"@inovallee","twitter_misc":{"Estimated reading time":"2 minutes"},"schema":{"@context":"https:\/\/schema.org","@graph":[{"@type":"WebPage","@id":"https:\/\/www.inovallee.com\/inochallenge-2026-defi-cross\/","url":"https:\/\/www.inovallee.com\/inochallenge-2026-defi-cross\/","name":"ino'Challenge 2026 : d\u00e9fi CROSS - inovall\u00e9e, technopole de l'innovation","isPartOf":{"@id":"https:\/\/www.inovallee.com\/#website"},"primaryImageOfPage":{"@id":"https:\/\/www.inovallee.com\/inochallenge-2026-defi-cross\/#primaryimage"},"image":{"@id":"https:\/\/www.inovallee.com\/inochallenge-2026-defi-cross\/#primaryimage"},"thumbnailUrl":"https:\/\/www.inovallee.com\/wp-content\/uploads\/2016\/06\/blog_une-article-CROSS-e1772201621925.png","datePublished":"2026-02-27T13:46:07+00:00","dateModified":"2026-03-17T13:05:00+00:00","description":"inovall\u00e9e propose \u00e0 ses collaborateurs un challenge inter-entreprises \u00e9co-responsable et in\u00e9dit.","breadcrumb":{"@id":"https:\/\/www.inovallee.com\/inochallenge-2026-defi-cross\/#breadcrumb"},"inLanguage":"en-GB","potentialAction":[{"@type":"ReadAction","target":["https:\/\/www.inovallee.com\/inochallenge-2026-defi-cross\/"]}]},{"@type":"ImageObject","inLanguage":"en-GB","@id":"https:\/\/www.inovallee.com\/inochallenge-2026-defi-cross\/#primaryimage","url":"https:\/\/www.inovallee.com\/wp-content\/uploads\/2016\/06\/blog_une-article-CROSS-e1772201621925.png","contentUrl":"https:\/\/www.inovallee.com\/wp-content\/uploads\/2016\/06\/blog_une-article-CROSS-e1772201621925.png"},{"@type":"BreadcrumbList","@id":"https:\/\/www.inovallee.com\/inochallenge-2026-defi-cross\/#breadcrumb","itemListElement":[{"@type":"ListItem","position":1,"name":"Accueil","item":"https:\/\/www.inovallee.com\/"},{"@type":"ListItem","position":2,"name":"ino&rsquo;Challenge 2026 : d\u00e9fi CROSS"}]},{"@type":"WebSite","@id":"https:\/\/www.inovallee.com\/#website","url":"https:\/\/www.inovallee.com\/","name":"inovall\u00e9e technopole, Home to software & smart technologies","description":"Home to software &amp; smart technologies","publisher":{"@id":"https:\/\/www.inovallee.com\/#organization"},"potentialAction":[{"@type":"SearchAction","target":{"@type":"EntryPoint","urlTemplate":"https:\/\/www.inovallee.com\/?s={search_term_string}"},"query-input":{"@type":"PropertyValueSpecification","valueRequired":true,"valueName":"search_term_string"}}],"inLanguage":"en-GB"},{"@type":"Organization","@id":"https:\/\/www.inovallee.com\/#organization","name":"inovall\u00e9e","url":"https:\/\/www.inovallee.com\/","logo":{"@type":"ImageObject","inLanguage":"en-GB","@id":"https:\/\/www.inovallee.com\/#\/schema\/logo\/image\/","url":"https:\/\/www.inovallee.com\/wp-content\/uploads\/2023\/08\/inovallee_2022_GrenobleAlpes.png","contentUrl":"https:\/\/www.inovallee.com\/wp-content\/uploads\/2023\/08\/inovallee_2022_GrenobleAlpes.png","width":945,"height":369,"caption":"inovall\u00e9e"},"image":{"@id":"https:\/\/www.inovallee.com\/#\/schema\/logo\/image\/"},"sameAs":["https:\/\/www.facebook.com\/technopoleinovallee\/","https:\/\/x.com\/inovallee","https:\/\/www.linkedin.com\/company\/inovall-e\/","https:\/\/www.youtube.com\/user\/inovallee?reload=9"]}]}},"_links":{"self":[{"href":"https:\/\/www.inovallee.com\/en\/wp-json\/wp\/v2\/pages\/62846","targetHints":{"allow":["GET"]}}],"collection":[{"href":"https:\/\/www.inovallee.com\/en\/wp-json\/wp\/v2\/pages"}],"about":[{"href":"https:\/\/www.inovallee.com\/en\/wp-json\/wp\/v2\/types\/page"}],"author":[{"embeddable":true,"href":"https:\/\/www.inovallee.com\/en\/wp-json\/wp\/v2\/users\/11"}],"replies":[{"embeddable":true,"href":"https:\/\/www.inovallee.com\/en\/wp-json\/wp\/v2\/comments?post=62846"}],"version-history":[{"count":23,"href":"https:\/\/www.inovallee.com\/en\/wp-json\/wp\/v2\/pages\/62846\/revisions"}],"predecessor-version":[{"id":63336,"href":"https:\/\/www.inovallee.com\/en\/wp-json\/wp\/v2\/pages\/62846\/revisions\/63336"}],"wp:attachment":[{"href":"https:\/\/www.inovallee.com\/en\/wp-json\/wp\/v2\/media?parent=62846"}],"curies":[{"name":"wp","href":"https:\/\/api.w.org\/{rel}","templated":true}]}}